{"id":98,"date":"2013-08-09T13:47:43","date_gmt":"2013-08-09T11:47:43","guid":{"rendered":"http:\/\/jurajsabol.sk\/?page_id=98"},"modified":"2021-12-04T17:41:14","modified_gmt":"2021-12-04T15:41:14","slug":"literatura-pre-2-rocnik-2","status":"publish","type":"page","link":"https:\/\/jurajsabol.sk\/?page_id=98","title":{"rendered":"literat\u00fara pre 2. ro\u010dn\u00edk"},"content":{"rendered":"<h2><a href=\"https:\/\/jurajsabol.sk\/wp-content\/uploads\/20130810_013321_20130810014834205.jpg\"><img loading=\"lazy\" decoding=\"async\" class=\"wp-image-189 aligncenter\" src=\"https:\/\/jurajsabol.sk\/wp-content\/uploads\/20130810_013321_20130810014834205-150x150.jpg\" alt=\"20130810_013321_20130810014834205\" width=\"90\" height=\"90\" srcset=\"https:\/\/jurajsabol.sk\/wp-content\/uploads\/20130810_013321_20130810014834205-150x150.jpg 150w, https:\/\/jurajsabol.sk\/wp-content\/uploads\/20130810_013321_20130810014834205.jpg 224w\" sizes=\"auto, (max-width: 90px) 100vw, 90px\" \/><\/a><\/h2>\n<h2>LYRICK\u00c1 PO\u00c9ZIA \u2013 \u0160TYLIZ\u00c1CIA (7. tematick\u00fd celok)<\/h2>\n<h3>Liter\u00e1rne uk\u00e1\u017eky a pracovn\u00e9 listy na stiahnutie<\/h3>\n<p><strong>Ivan Krasko<\/strong> | na \u00favod tematick\u00e9ho celku sa zozn\u00e1mime s poetikou zakladate\u013ea modernej slovenskej lyriky (heslo)\u00a0| slovensk\u00e1 liter\u00e1rna moderna\u00a0| <a href=\"https:\/\/jurajsabol.sk\/studijny_material_reforma\/rocnik_02_literatura\/01_lyricka_poezia_stylizacia\/krasko_ukazky_z_tvorby.zip\" target=\"_blank\" rel=\"noopener\">download<\/a><\/p>\n<p><strong>Lyrick\u00e1 po\u00e9zia<\/strong> \u2013\u00a0\u0161tyliz\u00e1cia I. |\u00a0pracovn\u00fd list\u00a0(heslo) | <a href=\"https:\/\/jurajsabol.sk\/studijny_material_reforma\/rocnik_02_literatura\/01_lyricka_poezia_stylizacia\/lyricka_poezia_stylizacia_student.rar\" target=\"_blank\" rel=\"noopener\">download<\/a><\/p>\n<p><strong>Percy Bysshe Shelley<\/strong> \u2013\u00a0Ozymandias |\u00a0Vyh\u013eadajte anal\u00f3gie medzi pies\u0148ov\u00fdm textom Kamila Peteraja Koloseum a sonetom P. B. Shelleyho Ozymandias. | <a href=\"https:\/\/jurajsabol.sk\/studijny_material_reforma\/rocnik_02_literatura\/01_lyricka_poezia_stylizacia\/koloseum%20text.zip\" target=\"_blank\" rel=\"noopener\">download<\/a><\/p>\n<p><strong>Lyrick\u00e1 po\u00e9zia<\/strong> \u2013\u00a0metrika (z 1. ro\u010dn\u00edka) a Lyrick\u00e1 po\u00e9zia \u2013\u00a0\u0161tyliz\u00e1cia (za\u010diatok 2. ro\u010dn\u00edka) | pracovn\u00fd list na opakovanie tematick\u00fdch celkov\u00a0|\u00a0<a href=\"https:\/\/jurajsabol.sk\/studijny_material_reforma\/rocnik_02_literatura\/01_lyricka_poezia_stylizacia\/opakovanie_na_test_lyricka_poezia_ziak_final.doc\" target=\"_blank\" rel=\"noopener\">download<\/a><\/p>\n<h2><a href=\"https:\/\/jurajsabol.sk\/wp-content\/uploads\/20130810_013547_20130810014105135.jpg\"><img loading=\"lazy\" decoding=\"async\" class=\"wp-image-190 aligncenter\" src=\"https:\/\/jurajsabol.sk\/wp-content\/uploads\/20130810_013547_20130810014105135-150x150.jpg\" alt=\"20130810_013547_20130810014105135\" width=\"90\" height=\"90\" srcset=\"https:\/\/jurajsabol.sk\/wp-content\/uploads\/20130810_013547_20130810014105135-150x150.jpg 150w, https:\/\/jurajsabol.sk\/wp-content\/uploads\/20130810_013547_20130810014105135-300x300.jpg 300w, https:\/\/jurajsabol.sk\/wp-content\/uploads\/20130810_013547_20130810014105135.jpg 348w\" sizes=\"auto, (max-width: 90px) 100vw, 90px\" \/><\/a><\/h2>\n<h2>DRAMATICK\u00c1 LITERAT\u00daRA \u2013 V\u0160EOBECN\u00c9 OT\u00c1ZKY (8. tematick\u00fd celok)<\/h2>\n<h3>Liter\u00e1rne uk\u00e1\u017eky a pracovn\u00e9 listy na stiahnutie<\/h3>\n<p><strong>Jozef Gregor Tajovsk\u00fd<\/strong> \u2013\u00a0Statky \u2013\u00a0zm\u00e4tky | <a href=\"https:\/\/jurajsabol.sk\/?page_id=1703\" target=\"_blank\" rel=\"noopener\">videoprojekcia<\/a>\u00a0 |\u00falohy na samo\u0161t\u00fadium (heslo)\u00a0| <a href=\"https:\/\/jurajsabol.sk\/studijny_material\/2_rocnik\/tajovsky\/tajovsky_statky-zmatky.rar\" target=\"_blank\" rel=\"noopener\">download<\/a>\u00a0| anal\u00fdza inscen\u00e1cie divadelnej hry (prezent\u00e1cia) | <a title=\"Statky-zm\u00e4tky (anal\u00fdza)\" href=\"https:\/\/jurajsabol.sk\/studijny_material_reforma\/rocnik_02_literatura\/02_dramaticka_literatura\/statky-zmatky_analyza.pptx\" target=\"_blank\" rel=\"noopener\">download<\/a><\/p>\n<p><strong>Divadeln\u00fd slovn\u00edk<\/strong> | pracovn\u00fd list so z\u00e1kladn\u00fdmi pojmami z divadeln\u00edctva (Pavis, 2004) | <a href=\"https:\/\/jurajsabol.sk\/studijny_material_reforma\/rocnik_02_literatura\/02_dramaticka_literatura\/divadelny_slovnik_student.doc\" target=\"_blank\" rel=\"noopener\">download<\/a><\/p>\n<p><strong>W. Shakespeare<\/strong>\u00a0\u2013 Hamlet | anal\u00fdza trag\u00e9die, porovnanie liter\u00e1rnej predlohy a filmov\u00e9ho spracovania | <a href=\"http:\/\/www.imdb.com\/title\/tt0116477\/\" target=\"_blank\" rel=\"noopener\">web<\/a>\u00a0| sonety (uk\u00e1\u017eky) s \u00falohami | <a title=\"W. Shakespeare (sonety, uk\u00e1\u017eky, \u00falohy)\" href=\"https:\/\/jurajsabol.sk\/studijny_material_reforma\/rocnik_02_literatura\/02_dramaticka_literatura\/shakespeare_sonety_ukazky.zip\" target=\"_blank\" rel=\"noopener\">download<\/a><\/p>\n<p style=\"text-align: justify;\"><em>R\u00f3meo a J\u00falia, Kr\u00e1\u013e Lear, Vesel\u00e9 panie windsorsk\u00e9, Henrich IV., Henrich V., Kom\u00e9dia omylov, Macbeth, Mnoho kriku pre ni\u010d, Hamlet, M\u00e1rna l\u00e1sky snaha, Sen noci sv\u00e4toj\u00e1nskej, Othello, Kupec ben\u00e1tsky, Ako sa v\u00e1m p\u00e1\u010di, Skrotenie zlej \u017eeny\/Skrotenie \u010dertice, Richard II., Henrich VI., Richard III., Antonius a Kleopatra<\/em><\/p>\n<h3>Doplnkov\u00fd \u0161tudijn\u00fd materi\u00e1l<\/h3>\n<p><strong>Texty a obr\u00e1zky<\/strong>\u00a0| na samo\u0161t\u00fadium, netla\u010di\u0165! (heslo) |<a href=\"https:\/\/jurajsabol.sk\/studijny_material_reforma\/rocnik_02_literatura\/02_dramaticka_literatura\/divadlo_na_samostudium.zip\" target=\"_blank\" rel=\"noopener\"> download<\/a><\/p>\n<h2><a href=\"https:\/\/jurajsabol.sk\/wp-content\/uploads\/20130810_013337_20130810014557498.jpg\"><img loading=\"lazy\" decoding=\"async\" class=\"wp-image-191 aligncenter\" src=\"https:\/\/jurajsabol.sk\/wp-content\/uploads\/20130810_013337_20130810014557498-150x150.jpg\" alt=\"20130810_013337_20130810014557498\" width=\"90\" height=\"90\" srcset=\"https:\/\/jurajsabol.sk\/wp-content\/uploads\/20130810_013337_20130810014557498-150x150.jpg 150w, https:\/\/jurajsabol.sk\/wp-content\/uploads\/20130810_013337_20130810014557498-300x300.jpg 300w, https:\/\/jurajsabol.sk\/wp-content\/uploads\/20130810_013337_20130810014557498.jpg 362w\" sizes=\"auto, (max-width: 90px) 100vw, 90px\" \/><\/a><\/h2>\n<h2>EPICK\u00c1 PO\u00c9ZIA \u2013 \u010cASOMIERA (9. tematick\u00fd celok)<\/h2>\n<h3>Liter\u00e1rne uk\u00e1\u017eky a pracovn\u00e9 listy na stiahnutie<\/h3>\n<p><strong>Slovensk\u00e9 n\u00e1rodn\u00e9 obrodenie<\/strong> | nieko\u013eko z\u00e1kladn\u00fdch faktov o n\u00e1rodnom obroden\u00ed (heslo) | <a href=\"https:\/\/jurajsabol.sk\/studijny_material_reforma\/rocnik_02_literatura\/03_epicka_poezia_casomiera\/slovenske%20narodne%20obrodenie.zip\" target=\"_blank\" rel=\"noopener\">download<\/a><\/p>\n<p><strong>J\u00e1n Koll\u00e1r<\/strong>\u00a0|\u00a0uk\u00e1\u017eky zo Sl\u00e1vy dcery pod\u013ea jednotliv\u00fdch spevov | <a href=\"https:\/\/jurajsabol.sk\/studijny_material\/1_rocnik\/kollar_jan\/slavy_dcera_ukazky.doc\" target=\"_blank\" rel=\"noopener\">download<\/a>\u00a0|\u00a0prezent\u00e1cia o \u017eivote a diele J\u00e1na Koll\u00e1ra (heslo) | <a href=\"https:\/\/jurajsabol.sk\/studijny_material_reforma\/rocnik_02_literatura\/03_epicka_poezia_casomiera\/kollar_jan_zivot_a_dielo.zip\" target=\"_blank\" rel=\"noopener\">download<\/a>\u00a0|\u00a0autor na webovej str\u00e1nke Zlat\u00e9ho fondu SME | <a href=\"http:\/\/zlatyfond.sme.sk\/autor\/68\/Jan-Kollar\" target=\"_blank\" rel=\"noopener\">odkaz<\/a><\/p>\n<p><strong>J\u00e1n Holl\u00fd<\/strong>\u00a0| \u0161tudijn\u00fd materi\u00e1l (heslo) | <a href=\"https:\/\/jurajsabol.sk\/studijny_material\/1_rocnik\/holly\/holly_jan_02.rar\" target=\"_blank\" rel=\"noopener\">download\u00a0<\/a>| autor\u00a0na webovej str\u00e1nke Zlat\u00e9ho fondu SME | <a href=\"http:\/\/zlatyfond.sme.sk\/autor\/97\/Jan-Holly\" target=\"_blank\" rel=\"noopener\">odkaz<\/a><\/p>\n<h3>Doplnkov\u00fd \u0161tudijn\u00fd materi\u00e1l<\/h3>\n<p><strong>M\u00fdtus<\/strong> v Poetologickom slovn\u00edku (heslo) | <a title=\"M\u00fdtus\" href=\"https:\/\/jurajsabol.sk\/?page_id=937\" target=\"_blank\" rel=\"noopener\">odkaz<\/a><\/p>\n<p><strong>Epos<\/strong> v Poetologickom slovn\u00edku (heslo) | <a href=\"https:\/\/jurajsabol.sk\/?page_id=932\" target=\"_blank\" rel=\"noopener\">odkaz<\/a><\/p>\n<h2><a href=\"https:\/\/jurajsabol.sk\/wp-content\/uploads\/20130810_013421_20130810014341597.jpg\"><img loading=\"lazy\" decoding=\"async\" class=\"wp-image-192 aligncenter\" src=\"https:\/\/jurajsabol.sk\/wp-content\/uploads\/20130810_013421_20130810014341597-150x150.jpg\" alt=\"20130810_013421_20130810014341597\" width=\"90\" height=\"90\" srcset=\"https:\/\/jurajsabol.sk\/wp-content\/uploads\/20130810_013421_20130810014341597-150x150.jpg 150w, https:\/\/jurajsabol.sk\/wp-content\/uploads\/20130810_013421_20130810014341597-300x300.jpg 300w, https:\/\/jurajsabol.sk\/wp-content\/uploads\/20130810_013421_20130810014341597.jpg 407w\" sizes=\"auto, (max-width: 90px) 100vw, 90px\" \/><\/a><\/h2>\n<h2>KR\u00c1TKA EPICK\u00c1 PR\u00d3ZA \u2013 VN\u00daTORN\u00dd MONOL\u00d3G (10. tematick\u00fd celok)<\/h2>\n<h3>Zopakujte si z 1. ro\u010dn\u00edka<\/h3>\n<p><strong>Bo\u017eena Slan\u010d\u00edkov\u00e1 Timrava<\/strong> \u2013\u00a0\u0164ap\u00e1kovci | texty na \u010d\u00edtanie (heslo) | <a href=\"https:\/\/jurajsabol.sk\/studijny_material\/2_rocnik\/timrava\/timrava_tapakovci_djvu.exe\" target=\"_blank\" rel=\"noopener\">download\u00a0<\/a>| ot\u00e1zky a \u00falohy na rozbor diela \u0164ap\u00e1kovci (heslo) |\u00a0<a href=\"https:\/\/jurajsabol.sk\/studijny_material_reforma\/rocnik_01\/04_kratka_epicka_proza_novela\/Tapakovci_rozbor_novely_student.rar\" target=\"_blank\" rel=\"noopener\">download\u00a0<\/a>|\u00a0<em>slovensk\u00fd liter\u00e1rny realizmus,\u00a0liter\u00e1rna te\u00f3ria, interpret\u00e1cia<\/em><\/p>\n<h3>Liter\u00e1rne uk\u00e1\u017eky a pracovn\u00e9 listy na stiahnutie<\/h3>\n<p><strong>Vn\u00fatorn\u00fd monol\u00f3g<\/strong> | z\u00e1klady | <a title=\"vn\u00fatorn\u00fd monol\u00f3g\" href=\"https:\/\/jurajsabol.sk\/studijny_material_reforma\/rocnik_02_literatura\/04_krat_ep_proza_vnut_monolog\/vnutorny_monolog_zaklady.docx\" target=\"_blank\" rel=\"noopener\">download<\/a>\u00a0|\u00a0na uk\u00e1\u017ekach z novely \u0164ap\u00e1kovci | <a href=\"https:\/\/jurajsabol.sk\/studijny_material_reforma\/rocnik_02_literatura\/04_krat_ep_proza_vnut_monolog\/vnutorny_monolog_student.doc\" target=\"_blank\" rel=\"noopener\">download<\/a><\/p>\n<p><strong>Janko Jesensk\u00fd<\/strong> | portr\u00e9t autora na webovej str\u00e1nke Zlat\u00e9ho fondu SME | <a href=\"http:\/\/zlatyfond.sme.sk\/autor\/55\/Janko-Jesensky\" target=\"_blank\" rel=\"noopener\">odkaz<\/a> | novela Koniec l\u00e1sky (Zlat\u00fd fond SME) | <a href=\"http:\/\/zlatyfond.sme.sk\/dielo\/12\/Jesensky_Novely\/12\" target=\"_blank\" rel=\"noopener\">download<\/a>\u00a0|\u00a0ot\u00e1zky a \u00falohy k novele Koniec l\u00e1sky | <a href=\"https:\/\/jurajsabol.sk\/studijny_material_reforma\/rocnik_02_literatura\/04_krat_ep_proza_vnut_monolog\/jesensky-janko_koniec_lasky_ziak.pdf\" target=\"_blank\" rel=\"noopener\">download<\/a><\/p>\n<p><strong>Milo Urban<\/strong> | Za vy\u0161n\u00fdm mlynom |\u00a0\u0161tudijn\u00fd materi\u00e1l (heslo) | <a href=\"https:\/\/jurajsabol.sk\/studijny_material\/3_rocnik\/urban\/urban_milo_za_vysnym_mlynom.zip\" target=\"_blank\" rel=\"noopener\">download<\/a> | Dreven\u00fd chlieb | \u00falohy na anal\u00fdzu (docx) | <a href=\"https:\/\/jurajsabol.sk\/studijny_material_reforma\/rocnik_03_literatura\/16_velka_epicka_proza_retaz\/dreveny_chlieb_otazky_k_ukazke.docx\" target=\"_blank\" rel=\"noopener\">download<\/a> | vypo\u010du\u0165 si nahr\u00e1vku (heslo) | <a title=\"Dreven\u00fd chlieb\" href=\"https:\/\/jurajsabol.sk\/?page_id=1015\" target=\"_blank\" rel=\"noopener\">audio<\/a><\/p>\n<h2><a href=\"https:\/\/jurajsabol.sk\/wp-content\/uploads\/remarque-na-zapade-nic-nove-final.jpg\"><img loading=\"lazy\" decoding=\"async\" class=\"wp-image-373 aligncenter\" src=\"https:\/\/jurajsabol.sk\/wp-content\/uploads\/20130811_152405_20130811152600734-300x300.jpg\" alt=\"\" width=\"85\" height=\"85\" srcset=\"https:\/\/jurajsabol.sk\/wp-content\/uploads\/20130811_152405_20130811152600734-300x300.jpg 300w, https:\/\/jurajsabol.sk\/wp-content\/uploads\/20130811_152405_20130811152600734-150x150.jpg 150w, https:\/\/jurajsabol.sk\/wp-content\/uploads\/20130811_152405_20130811152600734.jpg 309w\" sizes=\"auto, (max-width: 85px) 100vw, 85px\" \/><\/a><\/h2>\n<h2>VE\u013dK\u00c1 EPICK\u00c1 PR\u00d3ZA \u2013 ROM\u00c1N (6. tematick\u00fd celok)<\/h2>\n<p><strong>Milo Urban <\/strong>| \u017div\u00fd bi\u010d | rozbor diela na samo\u0161t\u00fadium (heslo) | <a href=\"https:\/\/jurajsabol.sk\/studijny_material_reforma\/rocnik_01\/06_roman\/cal_zivy_bic.zip\">download<\/a><\/p>\n<h2><a href=\"https:\/\/jurajsabol.sk\/wp-content\/uploads\/20130810_040627_20130810041039858.jpg\"><img loading=\"lazy\" decoding=\"async\" class=\"wp-image-204 aligncenter\" src=\"https:\/\/jurajsabol.sk\/wp-content\/uploads\/20130810_040627_20130810041039858.jpg\" alt=\"20130810_040627_20130810041039858\" width=\"85\" height=\"85\" \/><\/a><\/h2>\n<h2>LYRICK\u00c1 PO\u00c9ZIA \u2013 DRUHY LYRIKY (11. tematick\u00fd celok)<\/h2>\n<h3>Liter\u00e1rne uk\u00e1\u017eky a pracovn\u00e9 listy na stiahnutie<\/h3>\n<p><em>V tomto tematickom celku sme sa zamerali popri anal\u00fdze textov a vlastnej tvorbe (\u017eiacke zhrnutie preberan\u00e9ho u\u010diva) na \u010d\u00edtanie s porozumen\u00edm. Teda postupovali sme pod\u013ea u\u010debnice M. Lapitku a kol. Literat\u00fara pre 2. ro\u010dn\u00edk gymn\u00e1zi\u00ed a stredn\u00fdch odborn\u00fdch \u0161k\u00f4l. Preberan\u00e9 diela:<\/em><\/p>\n<p><strong>Andrej Sl\u00e1dkovi<\/strong>\u010d \u2013\u00a0Mar\u00edna | \u0161tudijn\u00fd materi\u00e1l\u00a0| <a href=\"https:\/\/jurajsabol.sk\/studijny_material_reforma\/rocnik_02_literatura\/05_lyricka_poezia_druhy_lyriky\/marina_studijny_material.zip\" target=\"_blank\" rel=\"noopener\">download<\/a><\/p>\n<h3>Doplnkov\u00fd \u0161tudijn\u00fd materi\u00e1l<\/h3>\n<p><strong>Jozef Urban <\/strong>\u2013\u00a0Boli \u0161t\u00farovci diletanti? | \u0161tudijn\u00fd materi\u00e1l (heslo) | <a href=\"http:\/\/www.jurajsabol.sk\/studijny_material\/1_rocnik\/sturovci\/urban_jozef_boli_sturovci_diletanti.exe\" target=\"_blank\" rel=\"noopener\">download<\/a><\/p>\n<p><strong>Zlo\u010diny Andreja Sl\u00e1dkovi\u010da<\/strong> |\u00a0porovnanie \u00a0poetiky Botta a Sl\u00e1dkovi\u010da \u2013 zadanie\u00a0| <a href=\"https:\/\/jurajsabol.sk\/studijny_material_reforma\/rocnik_02_literatura\/05_lyricka_poezia_druhy_lyriky\/zlociny_andreja_sladkovica_zadanie.pdf\" target=\"_blank\" rel=\"noopener\">download<\/a><\/p>\n<h2><a href=\"https:\/\/jurajsabol.sk\/wp-content\/uploads\/20130810_040653_20130810041244961.jpg\"><img loading=\"lazy\" decoding=\"async\" class=\"wp-image-206 aligncenter\" src=\"https:\/\/jurajsabol.sk\/wp-content\/uploads\/20130810_040653_20130810041244961-150x150.jpg\" alt=\"20130810_040653_20130810041244961\" width=\"90\" height=\"90\" srcset=\"https:\/\/jurajsabol.sk\/wp-content\/uploads\/20130810_040653_20130810041244961-150x150.jpg 150w, https:\/\/jurajsabol.sk\/wp-content\/uploads\/20130810_040653_20130810041244961-300x300.jpg 300w, https:\/\/jurajsabol.sk\/wp-content\/uploads\/20130810_040653_20130810041244961.jpg 336w\" sizes=\"auto, (max-width: 90px) 100vw, 90px\" \/><\/a><\/h2>\n<h2>DRAMATICK\u00c1 LITERAT\u00daRA \u2013 KOMICK\u00c1 DR\u00c1MA (12. tematick\u00fd celok)<\/h2>\n<h3>Liter\u00e1rne uk\u00e1\u017eky a pracovn\u00e9 listy na stiahnutie<\/h3>\n<p><strong>Jean Baptiste Poquelin Moli\u00e8re<\/strong>\u00a0\u2013 Lakomec | \u00falohy na rozbor | <a href=\"https:\/\/jurajsabol.sk\/studijny_material_reforma\/rocnik_02_literatura\/06_dramaticka_literatura_komic._drama\/lakomec_ulohy.zip\">download<\/a> | pracovn\u00e9 listy, pozn\u00e1mky k filmovej verzii |\u00a0<a href=\"https:\/\/jurajsabol.sk\/studijny_material_reforma\/rocnik_02_literatura\/06_dramaticka_literatura_komic._drama\/moliere_lakomec_poznamky.docx\" target=\"_blank\" rel=\"noopener\">download<\/a>\u00a0| kr\u00e1tke uk\u00e1\u017eky z Moli\u00e9rov\u00fdch kom\u00e9di\u00ed a fra\u0161iek (heslo)\u00a0|\u00a0<a title=\"Jean-Baptiste Poquelin Moli\u00e9re (uk\u00e1\u017eky)\" href=\"https:\/\/jurajsabol.sk\/?page_id=752\" target=\"_blank\" rel=\"noopener\">audio<\/a><\/p>\n<p><strong>J\u00e1n Pal\u00e1rik<\/strong> | portr\u00e9t autora s ot\u00e1zkami na \u010d\u00edtanie s porozumen\u00edm | <a href=\"https:\/\/jurajsabol.sk\/studijny_material_reforma\/rocnik_02_literatura\/06_dramaticka_literatura_komic._drama\/jan_palarik_samostud.doc\" target=\"_blank\" rel=\"noopener\">download<\/a>\u00a0|\u00a0Zmierenie alebo Dobrodru\u017estvo pri ob\u017einkoch na samo\u0161t\u00fadium (heslo) | <a href=\"https:\/\/jurajsabol.sk\/studijny_material_reforma\/rocnik_02_literatura\/06_dramaticka_literatura_komic._drama\/palarik_zmierenie.zip\" target=\"_blank\" rel=\"noopener\">download<\/a>\u00a0|\u00a0na webovej str\u00e1nke Zlat\u00e9ho fondu SME | <a href=\"http:\/\/zlatyfond.sme.sk\/autor\/1\/Jan-Palarik\/\" target=\"_blank\" rel=\"noopener\">odkaz<\/a><\/p>\n<p>doberanie u\u010diva v 3. ro\u010dn\u00edku (heslo) | do\u010dasn\u00e9\u00a0|\u00a0<a href=\"https:\/\/jurajsabol.sk\/studijny_material_reforma\/rocnik_02_literatura\/06_dramaticka_literatura_komic._drama\/dramaticka_lit._doberanie_uciva.zip\" target=\"_blank\" rel=\"noopener\">download<\/a><\/p>\n","protected":false},"excerpt":{"rendered":"<p>LYRICK\u00c1 PO\u00c9ZIA \u2013 \u0160TYLIZ\u00c1CIA (7. tematick\u00fd celok) Liter\u00e1rne uk\u00e1\u017eky a pracovn\u00e9 listy na stiahnutie Ivan Krasko | na \u00favod tematick\u00e9ho celku sa zozn\u00e1mime s poetikou zakladate\u013ea modernej slovenskej lyriky (heslo)\u00a0| slovensk\u00e1 liter\u00e1rna moderna\u00a0| download Lyrick\u00e1 po\u00e9zia \u2013\u00a0\u0161tyliz\u00e1cia I. |\u00a0pracovn\u00fd list\u00a0(heslo) | download Percy Bysshe Shelley \u2013\u00a0Ozymandias |\u00a0Vyh\u013eadajte anal\u00f3gie medzi pies\u0148ov\u00fdm textom Kamila Peteraja Koloseum a &hellip; <a href=\"https:\/\/jurajsabol.sk\/?page_id=98\" class=\"more-link\">Pokra\u010dova\u0165 v \u010d\u00edtan\u00ed: <span class=\"screen-reader-text\">literat\u00fara pre 2. ro\u010dn\u00edk<\/span><\/a><\/p>\n","protected":false},"author":1,"featured_media":0,"parent":90,"menu_order":0,"comment_status":"open","ping_status":"closed","template":"","meta":{"footnotes":""},"class_list":["post-98","page","type-page","status-publish","hentry"],"_links":{"self":[{"href":"https:\/\/jurajsabol.sk\/index.php?rest_route=\/wp\/v2\/pages\/98","targetHints":{"allow":["GET"]}}],"collection":[{"href":"https:\/\/jurajsabol.sk\/index.php?rest_route=\/wp\/v2\/pages"}],"about":[{"href":"https:\/\/jurajsabol.sk\/index.php?rest_route=\/wp\/v2\/types\/page"}],"author":[{"embeddable":true,"href":"https:\/\/jurajsabol.sk\/index.php?rest_route=\/wp\/v2\/users\/1"}],"replies":[{"embeddable":true,"href":"https:\/\/jurajsabol.sk\/index.php?rest_route=%2Fwp%2Fv2%2Fcomments&post=98"}],"version-history":[{"count":58,"href":"https:\/\/jurajsabol.sk\/index.php?rest_route=\/wp\/v2\/pages\/98\/revisions"}],"predecessor-version":[{"id":7234,"href":"https:\/\/jurajsabol.sk\/index.php?rest_route=\/wp\/v2\/pages\/98\/revisions\/7234"}],"up":[{"embeddable":true,"href":"https:\/\/jurajsabol.sk\/index.php?rest_route=\/wp\/v2\/pages\/90"}],"wp:attachment":[{"href":"https:\/\/jurajsabol.sk\/index.php?rest_route=%2Fwp%2Fv2%2Fmedia&parent=98"}],"curies":[{"name":"wp","href":"https:\/\/api.w.org\/{rel}","templated":true}]}}