{"id":90,"date":"2013-08-09T13:43:02","date_gmt":"2013-08-09T11:43:02","guid":{"rendered":"http:\/\/jurajsabol.sk\/?page_id=90"},"modified":"2021-12-04T17:58:20","modified_gmt":"2021-12-04T15:58:20","slug":"literatura-2","status":"publish","type":"page","link":"https:\/\/jurajsabol.sk\/?page_id=90","title":{"rendered":"literat\u00fara"},"content":{"rendered":"<h2><a href=\"https:\/\/jurajsabol.sk\/wp-content\/uploads\/maysky-kalendar.jpg\"><img loading=\"lazy\" decoding=\"async\" class=\"wp-image-421 aligncenter\" src=\"https:\/\/jurajsabol.sk\/wp-content\/uploads\/maysky-kalendar-150x150.jpg\" alt=\"maysky-kalendar\" width=\"90\" height=\"90\" srcset=\"https:\/\/jurajsabol.sk\/wp-content\/uploads\/maysky-kalendar-150x150.jpg 150w, https:\/\/jurajsabol.sk\/wp-content\/uploads\/maysky-kalendar.jpg 195w\" sizes=\"auto, (max-width: 90px) 100vw, 90px\" \/><\/a><\/h2>\n<h2>CHRONOLOGICK\u00dd PREH\u013dAD PREBERAN\u00ddCH DIEL<\/h2>\n<p>Preh\u013eadn\u00e1 tabu\u013eka s chronologick\u00fdm preh\u013eadom preberan\u00fdch liter\u00e1rnych diel a ich stru\u010dnou charakteristikou (verzia 2011.05.25). | <a href=\"https:\/\/jurajsabol.sk\/studijny_material_reforma\/chronologia_2011.05.25.doc\" target=\"_blank\" rel=\"noopener\">download<\/a><\/p>\n<h2><img loading=\"lazy\" decoding=\"async\" class=\"wp-image-381 aligncenter\" src=\"https:\/\/jurajsabol.sk\/wp-content\/uploads\/slovencina_na_slovicko-150x150.jpg\" alt=\"\" width=\"90\" height=\"90\" srcset=\"https:\/\/jurajsabol.sk\/wp-content\/uploads\/slovencina_na_slovicko-150x150.jpg 150w, https:\/\/jurajsabol.sk\/wp-content\/uploads\/slovencina_na_slovicko-300x300.jpg 300w, https:\/\/jurajsabol.sk\/wp-content\/uploads\/slovencina_na_slovicko.jpg 399w\" sizes=\"auto, (max-width: 90px) 100vw, 90px\" \/><\/h2>\n<h2>ARCH\u00cdV RTVS (EXTRA)<\/h2>\n<p>Rozpr\u00e1vky, rozhlasov\u00e9 hry, f\u00ed\u010dre, \u010d\u00edtanie na pokra\u010dovanie, seri\u00e1ly, vzdel\u00e1vanie. | <a href=\"http:\/\/www.rtvs.sk\/radio\/archiv\/extra\" target=\"_blank\" rel=\"noopener\">odkaz<\/a><\/p>\n","protected":false},"excerpt":{"rendered":"<p>CHRONOLOGICK\u00dd PREH\u013dAD PREBERAN\u00ddCH DIEL Preh\u013eadn\u00e1 tabu\u013eka s chronologick\u00fdm preh\u013eadom preberan\u00fdch liter\u00e1rnych diel a ich stru\u010dnou charakteristikou (verzia 2011.05.25). | download ARCH\u00cdV RTVS (EXTRA) Rozpr\u00e1vky, rozhlasov\u00e9 hry, f\u00ed\u010dre, \u010d\u00edtanie na pokra\u010dovanie, seri\u00e1ly, vzdel\u00e1vanie. | odkaz<\/p>\n","protected":false},"author":1,"featured_media":0,"parent":0,"menu_order":0,"comment_status":"open","ping_status":"closed","template":"","meta":{"footnotes":""},"class_list":["post-90","page","type-page","status-publish","hentry"],"_links":{"self":[{"href":"https:\/\/jurajsabol.sk\/index.php?rest_route=\/wp\/v2\/pages\/90","targetHints":{"allow":["GET"]}}],"collection":[{"href":"https:\/\/jurajsabol.sk\/index.php?rest_route=\/wp\/v2\/pages"}],"about":[{"href":"https:\/\/jurajsabol.sk\/index.php?rest_route=\/wp\/v2\/types\/page"}],"author":[{"embeddable":true,"href":"https:\/\/jurajsabol.sk\/index.php?rest_route=\/wp\/v2\/users\/1"}],"replies":[{"embeddable":true,"href":"https:\/\/jurajsabol.sk\/index.php?rest_route=%2Fwp%2Fv2%2Fcomments&post=90"}],"version-history":[{"count":22,"href":"https:\/\/jurajsabol.sk\/index.php?rest_route=\/wp\/v2\/pages\/90\/revisions"}],"predecessor-version":[{"id":7258,"href":"https:\/\/jurajsabol.sk\/index.php?rest_route=\/wp\/v2\/pages\/90\/revisions\/7258"}],"wp:attachment":[{"href":"https:\/\/jurajsabol.sk\/index.php?rest_route=%2Fwp%2Fv2%2Fmedia&parent=90"}],"curies":[{"name":"wp","href":"https:\/\/api.w.org\/{rel}","templated":true}]}}