{"id":39,"date":"2013-08-08T19:18:51","date_gmt":"2013-08-08T19:18:51","guid":{"rendered":"http:\/\/jurajsabol.sk\/?page_id=39"},"modified":"2025-12-14T19:08:24","modified_gmt":"2025-12-14T17:08:24","slug":"literatura-pre-4-rocnik","status":"publish","type":"page","link":"https:\/\/jurajsabol.sk\/?page_id=39","title":{"rendered":"literat\u00fara pre 4. ro\u010dn\u00edk"},"content":{"rendered":"<h2><a href=\"https:\/\/jurajsabol.sk\/wp-content\/uploads\/20130810_142054_20130810144334477.jpg\"><img loading=\"lazy\" decoding=\"async\" class=\"wp-image-259 aligncenter\" src=\"https:\/\/jurajsabol.sk\/wp-content\/uploads\/20130810_142054_20130810144334477-150x150.jpg\" alt=\"20130810_142054_20130810144334477\" width=\"90\" height=\"90\" srcset=\"https:\/\/jurajsabol.sk\/wp-content\/uploads\/20130810_142054_20130810144334477-150x150.jpg 150w, https:\/\/jurajsabol.sk\/wp-content\/uploads\/20130810_142054_20130810144334477-300x300.jpg 300w, https:\/\/jurajsabol.sk\/wp-content\/uploads\/20130810_142054_20130810144334477.jpg 321w\" sizes=\"auto, (max-width: 90px) 100vw, 90px\" \/><\/a><\/h2>\n<h2>DRAMATICK\u00c1 LITERAT\u00daRA \u2013 ABSURDN\u00c1 DR\u00c1MA (21. tematick\u00fd celok)<\/h2>\n<h3>Liter\u00e1rne uk\u00e1\u017eky a pracovn\u00e9 listy na stiahnutie:<\/h3>\n<p><strong>Eug\u00e8ne Ionesco<\/strong>\u00a0\u2013\u00a0Ple\u0161at\u00e1 spev\u00e1\u010dka | z\u00e1znam divadeln\u00e9ho predstavenia na anal\u00fdzu (heslo)|\u00a0<a href=\"https:\/\/jurajsabol.sk\/?page_id=1713\" target=\"_blank\" rel=\"noopener\">odkaz <\/a>| pracovn\u00fd list s \u00falohami | <a href=\"https:\/\/jurajsabol.sk\/studijny_material_reforma\/rocnik_04_literatura\/21_absurdna_drama\/plesata_spevacka_final_ziak.doc\" target=\"_blank\" rel=\"noopener\">download<\/a><\/p>\n<p><strong>Samuel Beckett <\/strong>| Kde teraz? Kedy teraz? Kto teraz? (Samuel Beckett) | <a href=\"http:\/\/www.jurajsabol.sk\/studijny_material\/4_rocnik\/beckett\/beckett_pracovny_list.rar\" target=\"_blank\" rel=\"noopener\">download<\/a><\/p>\n<p><strong>L + S \u2013\u00a0Soir\u00e9e\u00a0<\/strong>| nieko\u013eko\u00a0u\u017eito\u010dn\u00fdch faktov o predstaven\u00ed (heslo) | <a href=\"https:\/\/jurajsabol.sk\/news\/2012_10\/L+S%20v2.zip\" target=\"_blank\" rel=\"noopener\">download<\/a>| z\u00e1znam divadeln\u00e9ho predstavenia na anal\u00fdzu\u00a0|\u00a0<a href=\"https:\/\/jurajsabol.sk\/?page_id=1601\" target=\"_blank\" rel=\"noopener\">YouTube<\/a><\/p>\n<h3>Doplnkov\u00fd \u0161tudijn\u00fd materi\u00e1l<\/h3>\n<p><strong>Eug\u00e8ne Ionesco\u00a0<\/strong>\u2013 Literat\u00fara je moje alibi | z denn\u00edkov\u00fdch z\u00e1znamov autora o veciach, ktor\u00e9 sa nestali (heslo) | <a href=\"https:\/\/jurajsabol.sk\/studijny_material_reforma\/rocnik_04_literatura\/21_absurdna_drama\/ionesco_literatura_je_moje_alibi_(v3).zip\" target=\"_blank\" rel=\"noopener\">download\u00a0<\/a>|interview s E. Ionescom | <a href=\"https:\/\/jurajsabol.sk\/?page_id=1607\" target=\"_blank\" rel=\"noopener\">YouTube<\/a><\/p>\n<h2><a href=\"https:\/\/jurajsabol.sk\/wp-content\/uploads\/20130810_142031_20130810144200227.jpg\"><img loading=\"lazy\" decoding=\"async\" class=\"wp-image-260 aligncenter\" src=\"https:\/\/jurajsabol.sk\/wp-content\/uploads\/20130810_142031_20130810144200227-150x150.jpg\" alt=\"20130810_142031_20130810144200227\" width=\"90\" height=\"90\" srcset=\"https:\/\/jurajsabol.sk\/wp-content\/uploads\/20130810_142031_20130810144200227-150x150.jpg 150w, https:\/\/jurajsabol.sk\/wp-content\/uploads\/20130810_142031_20130810144200227.jpg 296w\" sizes=\"auto, (max-width: 90px) 100vw, 90px\" \/><\/a><\/h2>\n<h2>ROM\u00c1N A ANTIROM\u00c1N (roz\u0161iruj\u00face u\u010divo)<\/h2>\n<h3>Liter\u00e1rne uk\u00e1\u017eky a pracovn\u00e9 listy na stiahnutie<\/h3>\n<p><strong>Rom\u00e1n<\/strong> | prezent\u00e1cia | <a title=\"Rom\u00e1n\" href=\"https:\/\/jurajsabol.sk\/studijny_material_reforma\/rocnik_04_literatura\/roman_a_antiroman\/roman_char_v2.pptx\" target=\"_blank\" rel=\"noopener\">download<\/a><\/p>\n<p><strong>Antirom\u00e1n<\/strong> | pracovn\u00fd list | <a title=\"Franc\u00fazsky nov\u00fd rom\u00e1n\" href=\"https:\/\/jurajsabol.sk\/studijny_material_reforma\/rocnik_04_literatura\/roman_a_antiroman\/fr._novy_roman.zip\" target=\"_blank\" rel=\"noopener\">download<\/a><\/p>\n<h2><a href=\"https:\/\/jurajsabol.sk\/wp-content\/uploads\/20130810_151223_20130810151444917.jpg\"><img loading=\"lazy\" decoding=\"async\" class=\"wp-image-272 aligncenter\" src=\"https:\/\/jurajsabol.sk\/wp-content\/uploads\/20130810_151223_20130810151444917-150x150.jpg\" alt=\"20130810_151223_20130810151444917\" width=\"90\" height=\"90\" srcset=\"https:\/\/jurajsabol.sk\/wp-content\/uploads\/20130810_151223_20130810151444917-150x150.jpg 150w, https:\/\/jurajsabol.sk\/wp-content\/uploads\/20130810_151223_20130810151444917-300x300.jpg 300w, https:\/\/jurajsabol.sk\/wp-content\/uploads\/20130810_151223_20130810151444917.jpg 407w\" sizes=\"auto, (max-width: 90px) 100vw, 90px\" \/><\/a><\/h2>\n<h2>VE\u013dK\u00c1 EPICK\u00c1 PR\u00d3ZA \u2013 RETROSPEKT\u00cdVNY KOMPOZI\u010cN\u00dd PRINC\u00cdP (22. tematick\u00fd celok)<\/h2>\n<h3>Liter\u00e1rne uk\u00e1\u017eky a pracovn\u00e9 listy na stiahnutie<\/h3>\n<p><strong>Ladislav M\u0148a\u010dko<\/strong> \u2013\u00a0Ako chut\u00ed moc | rom\u00e1n\u00a0|\u00a0pracovn\u00fd list s \u00falohami | <a href=\"https:\/\/jurajsabol.sk\/studijny_material_reforma\/rocnik_04_literatura\/22_velka_epicka_proza_retro\/ladislav%20mnacko%20-%20spisovatel%20a%20moc%20-%20student%20.doc\" target=\"_blank\" rel=\"noopener\">download<\/a> | slovn\u00edkov\u00e9 heslo na samo\u0161t\u00fadium | <a href=\"https:\/\/jurajsabol.sk\/studijny_material_reforma\/rocnik_04_literatura\/22_velka_epicka_proza_retro\/ako_chuti_moc_slovnikove_heslo.zip\" target=\"_blank\" rel=\"noopener\">download<\/a> | portr\u00e9t autora (heslo) | <a href=\"https:\/\/jurajsabol.sk\/studijny_material\/4_rocnik\/mnacko\/mnacko_studijny_material.zip\" target=\"_blank\" rel=\"noopener\">download<\/a><\/p>\n<h2><a href=\"https:\/\/jurajsabol.sk\/wp-content\/uploads\/20130810_142019_20130810144024447.jpg\"><img loading=\"lazy\" decoding=\"async\" class=\"wp-image-261 aligncenter\" src=\"https:\/\/jurajsabol.sk\/wp-content\/uploads\/20130810_142019_20130810144024447-150x150.jpg\" alt=\"20130810_142019_20130810144024447\" width=\"90\" height=\"90\" srcset=\"https:\/\/jurajsabol.sk\/wp-content\/uploads\/20130810_142019_20130810144024447-150x150.jpg 150w, https:\/\/jurajsabol.sk\/wp-content\/uploads\/20130810_142019_20130810144024447-300x300.jpg 300w, https:\/\/jurajsabol.sk\/wp-content\/uploads\/20130810_142019_20130810144024447.jpg 321w\" sizes=\"auto, (max-width: 90px) 100vw, 90px\" \/><\/a><\/h2>\n<h2>SPISOVATE\u013d A MOC (roz\u0161iruj\u00face u\u010divo)<\/h2>\n<h3>Liter\u00e1rne uk\u00e1\u017eky a pracovn\u00e9 listy na stiahnutie<\/h3>\n<p><strong>Slovensk\u00e9 poh\u013eady r. 1952<\/strong> | \u010dasopis | <a href=\"https:\/\/jurajsabol.sk\/studijny_material\/4_rocnik\/literarny_schematizmus\/fotoalbum_sp_1952\/index.htm\" target=\"_blank\" rel=\"noopener\">odkaz<\/a><\/p>\n<p><strong>Vladim\u00edr Min\u00e1\u010d <\/strong>\u2013\u00a0S\u00fad | poviedka |\u00a0\u0161tudijn\u00fd materi\u00e1l (heslo)| <a href=\"https:\/\/jurajsabol.sk\/studijny_material\/4_rocnik\/literarny_schematizmus\/literarny_schematizmus_domace_citanie.rar\" target=\"_blank\" rel=\"noopener\">download<\/a><\/p>\n<p><strong>Alfonz Bedn\u00e1r<\/strong> \u2013 Kol\u00edska | zo zb. noviel Hodiny a min\u00faty; pracovn\u00fd list s \u00falohami | <a href=\"https:\/\/jurajsabol.sk\/studijny_material\/4_rocnik\/bednar\/bednar_alfonz_koliska.zip\" target=\"_blank\" rel=\"noopener\">download<\/a><\/p>\n<p><strong>Dominik Tatarka<\/strong> \u2013\u00a0D\u00e9mon s\u00fahlasu | alegorick\u00e1 pr\u00f3za | <a href=\"https:\/\/jurajsabol.sk\/studijny_material\/4_rocnik\/tatarka\/demon_suhlasu.doc\" target=\"_blank\" rel=\"noopener\">download<\/a><\/p>\n<h2><a href=\"https:\/\/jurajsabol.sk\/wp-content\/uploads\/20130810_141844_20130810143829968.jpg\"><img loading=\"lazy\" decoding=\"async\" class=\"wp-image-262 aligncenter\" src=\"https:\/\/jurajsabol.sk\/wp-content\/uploads\/20130810_141844_20130810143829968-150x150.jpg\" alt=\"20130810_141844_20130810143829968\" width=\"90\" height=\"90\" srcset=\"https:\/\/jurajsabol.sk\/wp-content\/uploads\/20130810_141844_20130810143829968-150x150.jpg 150w, https:\/\/jurajsabol.sk\/wp-content\/uploads\/20130810_141844_20130810143829968-300x300.jpg 300w, https:\/\/jurajsabol.sk\/wp-content\/uploads\/20130810_141844_20130810143829968.jpg 392w\" sizes=\"auto, (max-width: 90px) 100vw, 90px\" \/><\/a><\/h2>\n<h2>S\u00da\u010cASN\u00c1 LYRICK\u00c1 PO\u00c9ZIA (23. tematick\u00fd celok)<\/h2>\n<h3>Liter\u00e1rne uk\u00e1\u017eky a pracovn\u00e9 listy na stiahnutie:<\/h3>\n<p><strong>Milan R\u00fafus<\/strong>\u00a0|\u00a0pracovn\u00fd list s \u00falohami | <a href=\"https:\/\/jurajsabol.sk\/studijny_material\/4_rocnik\/rufus\/rufus_student.doc\" target=\"_blank\" rel=\"noopener\">download<\/a>\u00a0|\u00a0texty na samo\u0161t\u00fadium (heslo) | <a href=\"https:\/\/jurajsabol.sk\/studijny_material\/4_rocnik\/slov_poez_od1956\/slovenski_basnici_po_1945.exe\" target=\"_blank\" rel=\"noopener\">download<\/a>\u00a0|\u00a0texty na liter\u00e1rny semin\u00e1r (heslo) | <a href=\"https:\/\/jurajsabol.sk\/projekty_a_kruzky\/rabaka\/rufus_djvu.exe\" target=\"_blank\" rel=\"noopener\">download<\/a>\u00a0|\u00a0prezent\u00e1cia na t\u00e9mu Milan R\u00fafus \u2013\u00a0po\u00e9zia ako \u017eiv\u00e1 pam\u00e4\u0165 s n\u00e1metmi na diskusiu (25 MB, heslo) | <a href=\"https:\/\/jurajsabol.sk\/studijny_material_reforma\/rocnik_04_literatura\/23_sucasna_lyricka_poezia\/milan%20rufus%20-%20dielo.zip\" target=\"_blank\" rel=\"noopener\">download<\/a><\/p>\n<p><strong>Miroslav V\u00e1lek<\/strong> \u2013 Domov s\u00fa ruky, na ktor\u00fdch smie\u0161 plaka\u0165 | pracovn\u00fd list s \u00falohami (ver. 2020) | <a href=\"https:\/\/jurajsabol.sk\/studijny_material_reforma\/rocnik_04_literatura\/23_sucasna_lyricka_poezia\/valek_miroslav_domov_su_ruky_analyza_ziak.docx\" target=\"_blank\" rel=\"noopener\">download<\/a> | portr\u00e9t b\u00e1snika vo forme pojmovej mapy s hypertextov\u00fdmi odkazmi | <a href=\"https:\/\/jurajsabol.sk\/studijny_material_reforma\/rocnik_04_literatura\/23_sucasna_lyricka_poezia\/valek_vyklad.pdf\" target=\"_blank\" rel=\"noopener\">download<\/a><\/p>\n<h2><span style=\"font-size: 1.285714286rem; line-height: 1.6;\"><a href=\"https:\/\/jurajsabol.sk\/wp-content\/uploads\/20130810_142459_20130810144543532.jpg\"><img loading=\"lazy\" decoding=\"async\" class=\"wp-image-263 aligncenter\" src=\"https:\/\/jurajsabol.sk\/wp-content\/uploads\/20130810_142459_20130810144543532-150x150.jpg\" alt=\"20130810_142459_20130810144543532\" width=\"90\" height=\"90\" srcset=\"https:\/\/jurajsabol.sk\/wp-content\/uploads\/20130810_142459_20130810144543532-150x150.jpg 150w, https:\/\/jurajsabol.sk\/wp-content\/uploads\/20130810_142459_20130810144543532.jpg 208w\" sizes=\"auto, (max-width: 90px) 100vw, 90px\" \/><\/a><\/span><\/h2>\n<h2>GENER\u00c1CIA MLADEJ TVORBY V PO\u00c9ZII (23. tematick\u00fd celok)<\/h2>\n<p><strong>Gener\u00e1cia Mladej tvorby v po\u00e9zii \u2013 opakovanie<\/strong> | pracovn\u00fd list (heslo) | <a href=\"https:\/\/jurajsabol.sk\/studijny_material_reforma\/rocnik_04_literatura\/23_sucasna_lyricka_poezia\/gen_mt_poezia_opakovanie.zip\" target=\"_blank\" rel=\"noopener\">download<\/a> PRIDAN\u00c9 22. 3. 2017<\/p>\n<p><strong>Zopakujte si.<\/strong> Preberali sme u\u017e <a title=\"literat\u00fara pre 1. ro\u010dn\u00edk\" href=\"https:\/\/jurajsabol.sk\/?page_id=96\" target=\"_blank\" rel=\"noopener\">v 1. ro\u010dn\u00edku v 1. tematickom celku<\/a> (t\u00e9ma Metafora a prirovnanie):<\/p>\n<p><strong>J\u00e1n Stacho\u00a0<\/strong>|\u00a0diskutovali sme napr. o jeho metafore\u00a0|\u00a0texty na samo\u0161t\u00fadium\u00a0(heslo) |\u00a0<a href=\"https:\/\/jurajsabol.sk\/studijny_material\/4_rocnik\/slov_poez_od1956\/slovenski_basnici_po_1945.exe\" target=\"_blank\" rel=\"noopener\">download<\/a>\u00a0|\u00a0liter\u00e1rne uk\u00e1\u017eky\u00a0Noc, ktor\u00fa prebdiem s Marion, K\u00fapanie, Vzbura\u00a0|\u00a0<a href=\"https:\/\/jurajsabol.sk\/studijny_material\/4_rocnik\/stacho\/stacho_ukazky.pdf\" target=\"_blank\" rel=\"noopener\">download<\/a>\u00a0|\u00a0autor v Zlatom fonde denn\u00edka SME\u00a0|\u00a0<a href=\"http:\/\/zlatyfond.sme.sk\/autor\/109\/Jan-Stacho\" target=\"_blank\" rel=\"noopener\">odkaz<\/a>\u00a0|\u00a0gener\u00e1cia Mladej tvorby v po\u00e9zii<\/p>\n<p><strong>Zopakujte si.<\/strong> Preberali sme <a title=\"literat\u00fara pre 3. ro\u010dn\u00edk\" href=\"https:\/\/jurajsabol.sk\/?page_id=37\" target=\"_blank\" rel=\"noopener\">v 3. ro\u010dn\u00edku v 15. tematickom celku<\/a> (t\u00e9ma Lyrick\u00e1 po\u00e9zia \u2013\u00a0vo\u013en\u00fd ver\u0161):<\/p>\n<p><strong>Osamel\u00ed be\u017eci\u00a0<\/strong>(Ivan Lau\u010d\u00edk, Ivan \u0160trpka, Peter Repka) | Manifesty Osamel\u00fdch be\u017ecov prevzat\u00e9 z \u010dasopisu Literika \u010d. 3 &#8211; 4 1996, ro\u010dn\u00edk I., s. 138, s. 139, s. 140 |\u00a0<a href=\"https:\/\/jurajsabol.sk\/studijny_material\/4_rocnik\/osameli_bezci\/manifesty_osamel_bezcov.doc\" target=\"_blank\" rel=\"noopener\">download<\/a>\u00a0|\u00a0Cel\u00e9 dvoj\u010d\u00edslo je venovan\u00e9 liter\u00e1rnym smerom a skupin\u00e1m v slovenskej literat\u00fare 20. storo\u010dia.<\/p>\n<p><strong>Ivan Lau\u010d\u00edk<\/strong>\u00a0\u2013 Nansen |\u00a0<a href=\"https:\/\/jurajsabol.sk\/studijny_material\/4_rocnik\/laucik\/laucik_nansen_a_i.doc\" target=\"_blank\" rel=\"noopener\">download<\/a><\/p>\n<div style=\"width: 480px;\" class=\"wp-video\"><video class=\"wp-video-shortcode\" id=\"video-39-1\" width=\"480\" height=\"360\" preload=\"metadata\" controls=\"controls\"><source type=\"video\/mp4\" src=\"https:\/\/jurajsabol.sk\/wp-content\/uploads\/Ivan-Lau\u010d\u00edk-Havr\u00e1nok-1999.mp4?_=1\" \/><a href=\"https:\/\/jurajsabol.sk\/wp-content\/uploads\/Ivan-Lau\u010d\u00edk-Havr\u00e1nok-1999.mp4\">https:\/\/jurajsabol.sk\/wp-content\/uploads\/Ivan-Lau\u010d\u00edk-Havr\u00e1nok-1999.mp4<\/a><\/video><\/div>\n<h2><a href=\"https:\/\/jurajsabol.sk\/wp-content\/uploads\/20130810_151223_20130810151444917.jpg\"><img loading=\"lazy\" decoding=\"async\" class=\"wp-image-272 aligncenter\" src=\"https:\/\/jurajsabol.sk\/wp-content\/uploads\/20130810_151223_20130810151444917-150x150.jpg\" alt=\"20130810_151223_20130810151444917\" width=\"90\" height=\"90\" srcset=\"https:\/\/jurajsabol.sk\/wp-content\/uploads\/20130810_151223_20130810151444917-150x150.jpg 150w, https:\/\/jurajsabol.sk\/wp-content\/uploads\/20130810_151223_20130810151444917-300x300.jpg 300w, https:\/\/jurajsabol.sk\/wp-content\/uploads\/20130810_151223_20130810151444917.jpg 407w\" sizes=\"auto, (max-width: 90px) 100vw, 90px\" \/><\/a><\/h2>\n<h2>VE\u013dK\u00c1 EPICK\u00c1 PR\u00d3ZA \u2013 RETROSPEKT\u00cdVNY KOMPOZI\u010cN\u00dd PRINC\u00cdP (22. tematick\u00fd celok)<\/h2>\n<h3>Liter\u00e1rne uk\u00e1\u017eky a pracovn\u00e9 listy na stiahnutie<\/h3>\n<p><strong>Jerome David Salinger<\/strong> \u2013 Kto chyt\u00e1 v \u017eite | psychologick\u00fd rom\u00e1n v sieti odkazov a pracovn\u00fd list na rozbor diela (heslo)| <a href=\"https:\/\/jurajsabol.sk\/studijny_material_reforma\/rocnik_04_literatura\/salinger_kto_chyta_v_zite.zip\" target=\"_blank\" rel=\"noopener\">download<\/a><\/p>\n<h2><a href=\"https:\/\/jurajsabol.sk\/wp-content\/uploads\/20130810_1418000_20130810143152473.jpg\"><img loading=\"lazy\" decoding=\"async\" class=\"wp-image-264 aligncenter\" src=\"https:\/\/jurajsabol.sk\/wp-content\/uploads\/20130810_1418000_20130810143152473-150x150.jpg\" alt=\"20130810_141800(0)_20130810143152473\" width=\"90\" height=\"90\" srcset=\"https:\/\/jurajsabol.sk\/wp-content\/uploads\/20130810_1418000_20130810143152473-150x150.jpg 150w, https:\/\/jurajsabol.sk\/wp-content\/uploads\/20130810_1418000_20130810143152473-300x300.jpg 300w, https:\/\/jurajsabol.sk\/wp-content\/uploads\/20130810_1418000_20130810143152473.jpg 442w\" sizes=\"auto, (max-width: 90px) 100vw, 90px\" \/><\/a><\/h2>\n<h2>BEATNICK\u00c1 VZBURA (23. tematick\u00fd celok)<\/h2>\n<h3>Liter\u00e1rne uk\u00e1\u017eky a pracovn\u00e9 listy na stiahnutie<\/h3>\n<p><strong>Allen Ginsberg<\/strong> \u2013\u00a0Slne\u010dnicov\u00e1 sutra |\u00a0na rozbor | <a href=\"https:\/\/jurajsabol.sk\/studijny_material\/4_rocnik\/ginsberg_allen\/ginsberg_sutra.doc\" target=\"_blank\" rel=\"noopener\">download<\/a> | V Slne\u010dnicovej sutre sa A. Ginsberg odvol\u00e1va na anglick\u00e9ho b\u00e1snika W. Blakea (1757-1827) a jeho b\u00e1se\u0148 Slne\u010dnica.\u00a0\u010eal\u0161ia sl\u00e1vna Blakeova b\u00e1se\u0148 m\u00e1 n\u00e1zov Tiger a \u010dosi prezr\u00e1dza o jeho sveton\u00e1zore.| <a href=\"https:\/\/jurajsabol.sk\/studijny_material\/1_rocnik\/blake\/slnecnica_%20tiger.doc\" target=\"_blank\" rel=\"noopener\">download<\/a>\u00a0|\u00a0Supermarket v Kalifornii | <a href=\"https:\/\/jurajsabol.sk\/studijny_material\/4_rocnik\/ginsberg_allen\/supermarket_v_kalifornii.doc\" target=\"_blank\" rel=\"noopener\">download<\/a> | \u0161tudijn\u00fd materi\u00e1l na t\u00e9mu Vytie (heslo) | <a href=\"https:\/\/jurajsabol.sk\/studijny_material\/4_rocnik\/ginsberg_allen\/ginsberg_allen_vytie.rar\" target=\"_blank\" rel=\"noopener\">download<\/a><\/p>\n<h2><a href=\"https:\/\/jurajsabol.sk\/wp-content\/uploads\/20130810_141830_201308101436522621.jpg\"><img loading=\"lazy\" decoding=\"async\" class=\"wp-image-266 aligncenter\" src=\"https:\/\/jurajsabol.sk\/wp-content\/uploads\/20130810_141830_201308101436522621-150x150.jpg\" alt=\"20130810_141830_20130810143652262\" width=\"90\" height=\"90\" srcset=\"https:\/\/jurajsabol.sk\/wp-content\/uploads\/20130810_141830_201308101436522621-150x150.jpg 150w, https:\/\/jurajsabol.sk\/wp-content\/uploads\/20130810_141830_201308101436522621-300x300.jpg 300w, https:\/\/jurajsabol.sk\/wp-content\/uploads\/20130810_141830_201308101436522621.jpg 334w\" sizes=\"auto, (max-width: 90px) 100vw, 90px\" \/><\/a><\/h2>\n<h2>POP PO\u00c9ZIA (23. tematick\u00fd celok)<\/h2>\n<h3>Liter\u00e1rne uk\u00e1\u017eky a pracovn\u00e9 listy na stiahnutie<\/h3>\n<p><strong>\u010co je to pop po\u00e9zia?<\/strong> | Mo\u017eno e\u0161te dnes hovori\u0165 o pop po\u00e9zii? Alebo s\u00fa jej \u010dasy d\u00e1vno pre\u010d? Je rap po\u00e9ziou tejto doby? Stiahnite si pracovn\u00e9 listy na t\u00fato t\u00e9mu (heslo) | <a href=\"https:\/\/jurajsabol.sk\/studijny_material_reforma\/rocnik_04_literatura\/23_sucasna_lyricka_poezia\/pop-poezia_texty_ulohy_student_v1.zip\" target=\"_blank\" rel=\"noopener\">download<\/a>\u00a0| Zopakujte si u\u010divo s pomocou prezent\u00e1cie (heslo) | <a title=\"prezent\u00e1cia\" href=\"https:\/\/jurajsabol.sk\/studijny_material_reforma\/rocnik_04_literatura\/23_sucasna_lyricka_poezia\/pop_poezia_prezentacia.zip\" target=\"_blank\" rel=\"noopener\">download<\/a><\/p>\n<h2><a href=\"https:\/\/jurajsabol.sk\/wp-content\/uploads\/20130810_141812_20130810143444914.jpg\"><img loading=\"lazy\" decoding=\"async\" class=\"wp-image-270 aligncenter\" src=\"https:\/\/jurajsabol.sk\/wp-content\/uploads\/20130810_141812_20130810143444914-150x150.jpg\" alt=\"20130810_141812_20130810143444914\" width=\"90\" height=\"90\" srcset=\"https:\/\/jurajsabol.sk\/wp-content\/uploads\/20130810_141812_20130810143444914-150x150.jpg 150w, https:\/\/jurajsabol.sk\/wp-content\/uploads\/20130810_141812_20130810143444914.jpg 210w\" sizes=\"auto, (max-width: 90px) 100vw, 90px\" \/><\/a><\/h2>\n<h2>POJEM POSTMODERNA (23. tematick\u00fd celok)<\/h2>\n<h3>Liter\u00e1rne uk\u00e1\u017eky a pracovn\u00e9 listy na stiahnutie<\/h3>\n<p><strong>postmoderna<\/strong> | O tomto pojme sa u n\u00e1s v 90. rokoch 20. storo\u010dia ve\u013ea p\u00edsalo a hovorilo. My si len tak, skromne, nazna\u010d\u00edme, o \u010do ide. Va\u0161ou \u00falohou je porovna\u0165 dve b\u00e1sne a n\u00e1js\u0165 posun medzi nimi. | <a href=\"https:\/\/jurajsabol.sk\/studijny_material\/4_rocnik\/postmoderna\/postmoderna_bez_poznamok.doc\" target=\"_blank\" rel=\"noopener\">download<\/a><\/p>\n<h3>Doplnkov\u00fd \u0161tudijn\u00fd materi\u00e1l<\/h3>\n<p><strong>Jozef Mihalkovi\u010d <\/strong>| M. R\u00fafus v b\u00e1sni Ustanovenie za b\u00e1snika vystihol Mihalkovi\u010dovu poetiku&#8230; | <a href=\"https:\/\/jurajsabol.sk\/studijny_material\/4_rocnik\/rufus\/ustanov_za_basnika.doc\" target=\"_blank\" rel=\"noopener\">download<\/a> | uk\u00e1\u017eka zo zbierky \u013d\u00fatos\u0165 \u2013\u00a0b\u00e1se\u0148 Pr\u00e1zdniny s jablo\u0148ou | <a href=\"https:\/\/jurajsabol.sk\/studijny_material\/4_rocnik\/mihalkovic_jozef\/prazdniny_s_jablonou.doc\" target=\"_blank\" rel=\"noopener\">download<\/a><\/p>\n<p><strong>J\u00e1n Ondru\u0161<\/strong> | Pan\u00e1k s dvoma hlavami a Z nemocnice | <a href=\"https:\/\/jurajsabol.sk\/studijny_material\/4_rocnik\/ondrus_jan\/panak_z_nemocnice.doc\" target=\"_blank\" rel=\"noopener\">download<\/a> | texty na samo\u0161t\u00fadium\u00a0|\u00a0<a href=\"https:\/\/jurajsabol.sk\/studijny_material\/4_rocnik\/slov_poez_od1956\/slovenski_basnici_po_1945.exe\" target=\"_blank\" rel=\"noopener\">download<\/a> | v Zlatom fonde denn\u00edka SME | <a href=\"http:\/\/zlatyfond.sme.sk\/autor\/111\/Jan-Ondrus\" target=\"_blank\" rel=\"noopener\">odkaz<\/a><\/p>\n<p><strong>Erik Groch<\/strong> | B\u00e1snik Erik Groch rozpr\u00e1va o svojom novom \u017eivote a entelechii <em>(entelechia = tvoriv\u00fd pr\u00ednc\u00edp; en-telos-chio = k-cie\u013eu-id\u00faci, pod\u013ea Aristotela nehmotn\u00fd princ\u00edp zabudovan\u00fd v ka\u017edom \u017eivom organizme (mp3, 1, 7 MB)&#8230;<\/em> | <a href=\"https:\/\/jurajsabol.sk\/studijny_material\/4_rocnik\/groch\/erik_groch_05-02-10_073313.mp3\" target=\"_blank\" rel=\"noopener\">download<\/a> | Erik Groch v rel\u00e1cii Umenie 07 (25. 3. 2007, STV2) hovor\u00ed o \u017eivote v Ulo\u017ei, \u010d\u00edtan\u00ed, p\u00edsan\u00ed, novej ed\u00edcii svetov\u00fdch a slovensk\u00fdch autorov&#8230; | <a href=\"http:\/\/www.youtube.com\/watch?v=yfoiQ1kle20\" target=\"_blank\" rel=\"noopener\">odkaz<\/a><\/p>\n<p><strong>Slovensk\u00ed b\u00e1snici 60. \u2013\u00a090. rokov 20. storo\u010dia<\/strong> | Zadanie:\u00a0Presved\u010dte spolu\u017eiakov o kvalit\u00e1ch svojho autora. Stru\u010dn\u00fa charakteristiku odpor\u00fa\u010dan\u00fdch autorov na dom\u00e1ce \u010d\u00edtanie pripravili \u0161tudenti 4. A a 4. B v \u0161kolskom roku 2005\/2006. |<a href=\"https:\/\/jurajsabol.sk\/studijny_material\/4_rocnik\/sloven_poez_60-90r_20stor\/presvedcte_spoluziakov.htm\" target=\"_blank\" rel=\"noopener\">odkaz<\/a><\/p>\n<p><strong>Charles Bukowski<\/strong> | Jeho naj\u010dastej\u0161\u00edmi t\u00e9mami boli opitos\u0165, prostit\u00fatky, sex, l\u00e1ska, hazard, \u0161pina a chudoba, na ktor\u00fa sa nikdy nes\u0165a\u017eoval a v istom zmysle sa \u0148ou chv\u00e1lil&#8230; V skuto\u010dnosti v\u0161ak Bukowsk\u00e9mu aj tak i\u0161lo o nie\u010do \u00faplne in\u00e9. | z v\u00fdkladu Vladim\u00edra Ganaja (3. C, \u0161kol. rok 2008\/2009) | <a href=\"https:\/\/jurajsabol.sk\/studijny_material\/4_rocnik\/bukowski\/ganaj_3c_2008-09_bukowski.doc\" target=\"_blank\" rel=\"noopener\">download<\/a><\/p>\n<p><span style=\"line-height: 1.714285714; font-size: 1rem;\">\u00a0<\/span><a href=\"https:\/\/jurajsabol.sk\/wp-content\/uploads\/20130810_141716_20130810142738707.jpg\"><img loading=\"lazy\" decoding=\"async\" class=\"wp-image-268 aligncenter\" src=\"https:\/\/jurajsabol.sk\/wp-content\/uploads\/20130810_141716_20130810142738707-150x150.jpg\" alt=\"20130810_141716_20130810142738707\" width=\"90\" height=\"90\" srcset=\"https:\/\/jurajsabol.sk\/wp-content\/uploads\/20130810_141716_20130810142738707-150x150.jpg 150w, https:\/\/jurajsabol.sk\/wp-content\/uploads\/20130810_141716_20130810142738707-300x300.jpg 300w, https:\/\/jurajsabol.sk\/wp-content\/uploads\/20130810_141716_20130810142738707.jpg 362w\" sizes=\"auto, (max-width: 90px) 100vw, 90px\" \/><\/a><\/p>\n<h2>GENER\u00c1CIA MLADEJ TVORBY V PR\u00d3ZE (24. tematick\u00fd celok)<\/h2>\n<h3>Liter\u00e1rne uk\u00e1\u017eky a pracovn\u00e9 listy na stiahnutie:<\/h3>\n<p><strong>Jaroslava Bla\u017ekov\u00e1<\/strong> \u2013 Z\u00e1zrak \u017eivota\u00a0| pracovn\u00fd list\u00a0|\u00a0<a href=\"https:\/\/jurajsabol.sk\/studijny_material\/4_rocnik\/blazkova_jaroslava\/blazkova_zazrak.doc\" target=\"_blank\" rel=\"noopener\">download<\/a>\u00a0|<\/p>\n<p><strong>J\u00e1n Johanides\u00a0<\/strong>\u2013 Pot\u00e1pa\u010da pri\u0165ahuj\u00fa pramene mora | pracovn\u00fd list (heslo) | <a href=\"https:\/\/jurajsabol.sk\/studijny_material\/4_rocnik\/johanides\/johanides_potapaca.exe\" target=\"_blank\" rel=\"noopener\">download<\/a><\/p>\n<p><strong>Du\u0161an Mitana<\/strong>\u00a0\u2013 Prech\u00e1dzka zimnou krajinou |\u00a0pracovn\u00fd list (heslo) | <a href=\"https:\/\/jurajsabol.sk\/studijny_material_reforma\/rocnik_04_literatura\/24_generacia_mladej_tv._proza\/mitana_prechadzka_zimnou_krajinou.zip\" target=\"_blank\" rel=\"noopener\">download<\/a><\/p>\n<p><strong>Gener\u00e1cia Mladej tvorby v pr\u00f3ze<\/strong> | \u0161tudijn\u00fd materi\u00e1l pre maturantov | <a href=\"https:\/\/jurajsabol.sk\/studijny_material\/4_rocnik\/generacia_56\/gen_Ml_tvorby_studijny_mater.rar\" target=\"_blank\" rel=\"noopener\">download<\/a><\/p>\n","protected":false},"excerpt":{"rendered":"<p>DRAMATICK\u00c1 LITERAT\u00daRA \u2013 ABSURDN\u00c1 DR\u00c1MA (21. tematick\u00fd celok) Liter\u00e1rne uk\u00e1\u017eky a pracovn\u00e9 listy na stiahnutie: Eug\u00e8ne Ionesco\u00a0\u2013\u00a0Ple\u0161at\u00e1 spev\u00e1\u010dka | z\u00e1znam divadeln\u00e9ho predstavenia na anal\u00fdzu (heslo)|\u00a0odkaz | pracovn\u00fd list s \u00falohami | download Samuel Beckett | Kde teraz? Kedy teraz? Kto teraz? (Samuel Beckett) | download L + S \u2013\u00a0Soir\u00e9e\u00a0| nieko\u013eko\u00a0u\u017eito\u010dn\u00fdch faktov o predstaven\u00ed (heslo) | &hellip; <a href=\"https:\/\/jurajsabol.sk\/?page_id=39\" class=\"more-link\">Pokra\u010dova\u0165 v \u010d\u00edtan\u00ed: <span class=\"screen-reader-text\">literat\u00fara pre 4. ro\u010dn\u00edk<\/span><\/a><\/p>\n","protected":false},"author":1,"featured_media":0,"parent":90,"menu_order":0,"comment_status":"open","ping_status":"closed","template":"","meta":{"footnotes":""},"class_list":["post-39","page","type-page","status-publish","hentry"],"_links":{"self":[{"href":"https:\/\/jurajsabol.sk\/index.php?rest_route=\/wp\/v2\/pages\/39","targetHints":{"allow":["GET"]}}],"collection":[{"href":"https:\/\/jurajsabol.sk\/index.php?rest_route=\/wp\/v2\/pages"}],"about":[{"href":"https:\/\/jurajsabol.sk\/index.php?rest_route=\/wp\/v2\/types\/page"}],"author":[{"embeddable":true,"href":"https:\/\/jurajsabol.sk\/index.php?rest_route=\/wp\/v2\/users\/1"}],"replies":[{"embeddable":true,"href":"https:\/\/jurajsabol.sk\/index.php?rest_route=%2Fwp%2Fv2%2Fcomments&post=39"}],"version-history":[{"count":75,"href":"https:\/\/jurajsabol.sk\/index.php?rest_route=\/wp\/v2\/pages\/39\/revisions"}],"predecessor-version":[{"id":7731,"href":"https:\/\/jurajsabol.sk\/index.php?rest_route=\/wp\/v2\/pages\/39\/revisions\/7731"}],"up":[{"embeddable":true,"href":"https:\/\/jurajsabol.sk\/index.php?rest_route=\/wp\/v2\/pages\/90"}],"wp:attachment":[{"href":"https:\/\/jurajsabol.sk\/index.php?rest_route=%2Fwp%2Fv2%2Fmedia&parent=39"}],"curies":[{"name":"wp","href":"https:\/\/api.w.org\/{rel}","templated":true}]}}