{"id":37,"date":"2013-08-08T19:18:35","date_gmt":"2013-08-08T17:18:35","guid":{"rendered":"http:\/\/jurajsabol.sk\/?page_id=37"},"modified":"2023-02-25T14:35:21","modified_gmt":"2023-02-25T12:35:21","slug":"literatura-pre-3-rocnik","status":"publish","type":"page","link":"https:\/\/jurajsabol.sk\/?page_id=37","title":{"rendered":"literat\u00fara pre 3. ro\u010dn\u00edk"},"content":{"rendered":"<h2><a href=\"https:\/\/jurajsabol.sk\/wp-content\/uploads\/20130810_050009_20130810050759080.jpg\"><img loading=\"lazy\" decoding=\"async\" class=\"wp-image-218 aligncenter\" src=\"https:\/\/jurajsabol.sk\/wp-content\/uploads\/20130810_050009_20130810050759080-150x150.jpg\" alt=\"20130810_050009_20130810050759080\" width=\"90\" height=\"90\" srcset=\"https:\/\/jurajsabol.sk\/wp-content\/uploads\/20130810_050009_20130810050759080-150x150.jpg 150w, https:\/\/jurajsabol.sk\/wp-content\/uploads\/20130810_050009_20130810050759080.jpg 296w\" sizes=\"auto, (max-width: 90px) 100vw, 90px\" \/><\/a><\/h2>\n<h2>DRAMATICK\u00c1 LITERAT\u00daRA \u2013 TRAGICK\u00c1 DR\u00c1MA (17. tematick\u00fd celok)<\/h2>\n<h3>Liter\u00e1rne uk\u00e1\u017eky a pracovn\u00e9 listy na stiahnutie<\/h3>\n<h4>ANTICK\u00c1 DR\u00c1MA<\/h4>\n<p><strong>Gr\u00e9cke divadlo<\/strong> | Pozrite sa, ako to vyzeralo v starovekom gr\u00e9ckom divadle. Osvojte si z\u00e1kladn\u00e9 pojmy. | <a href=\"https:\/\/jurajsabol.sk\/studijny_material_reforma\/rocnik_03_literatura\/17_dramat._lit._trag._drama\/grecke_divadlo.pdf\" target=\"_blank\" rel=\"noopener\">download<\/a><\/p>\n<p><strong>Sofokles<\/strong> \u2013 Vl\u00e1dca Oidipus | telev\u00edzna inscen\u00e1cia antickej trag\u00e9die (videoprojekcia) | <a href=\"https:\/\/jurajsabol.sk\/?page_id=7516\" target=\"_blank\" rel=\"noopener\">odkaz<\/a> | ot\u00e1zky na diskusiu po projekcii\u00a0| <a href=\"https:\/\/jurajsabol.sk\/studijny_material_reforma\/rocnik_03_literatura\/17_dramat._lit._trag._drama\/sofokles_kral_oidipus_vfinal_ziak.rtf\" target=\"_blank\" rel=\"noopener\">download<\/a><\/p>\n<p><strong>Sofokles<\/strong> \u2013\u00a0Antigona | \u010d\u00edtanie dramatick\u00e9ho textu, uk\u00e1\u017eky z trag\u00e9die na rozbor |\u00a0<a href=\"https:\/\/jurajsabol.sk\/studijny_material\/1_rocnik\/starovek_opakov\/opakovanie_antigona.doc\" target=\"_blank\" rel=\"noopener\">download<\/a> |\u00a0z\u00e1znam divadeln\u00e9ho predstavenia, aktualiz\u00e1cia | N\u00e1rodn\u00ed divadlo Brno, Mahenova \u010dinohra, preklad a \u00faprava \u013dubom\u00edr Feldek a Martin \u010ci\u010dv\u00e1k, r\u00e9\u017eia Martin \u010ci\u010dv\u00e1k, dramaturgia Dora Vicen\u00edkov\u00e1, sc\u00e9na Tom Ciller a.h., kost\u00fdmy Marija Havran a.h., hudba Ond\u0159ej Nov\u00e1k. Premi\u00e9ra: 27. 4. 2007. | <a href=\"https:\/\/jurajsabol.sk\/?page_id=7539\" target=\"_blank\" rel=\"noopener\">odkaz<\/a>\u00a0| ot\u00e1zky na diskusiu po projekcii\u00a0| <a href=\"https:\/\/jurajsabol.sk\/studijny_material_reforma\/rocnik_03_literatura\/17_dramat._lit._trag._drama\/antigona_aktualizacia_ziak.doc\" target=\"_blank\" rel=\"noopener\">download<\/a><\/p>\n<h4>AL\u017dBET\u00cdNSKA DR\u00c1MA<\/h4>\n<p><strong>William Shakespeare<\/strong> \u2013\u00a0Hamlet | \u010d\u00edtanie dramatick\u00e9ho textu, opakovanie u\u010diva 2. ro\u010dn\u00edka<\/p>\n<h4>SLOVENSK\u00c1 DR\u00c1MA PO R. 1945<\/h4>\n<p><strong>Ivan Bukov\u010dan<\/strong> \u2013\u00a0K\u00fdm koh\u00fat nezaspieva | telev\u00edzna inscen\u00e1cia dr\u00e1my<\/p>\n<h4>OPAKOVANIE<\/h4>\n<p><strong>Tragick\u00e1 dr\u00e1ma<\/strong> \u2013 opakovanie | V\u00e4\u010d\u0161inu uk\u00e1\u017eok v tomto pracovnom liste tvoria texty, s ktor\u00fdmi sme na hodin\u00e1ch nepracovali. Va\u0161ou \u00falohou je uk\u00e1\u017eky prednies\u0165 a pripoji\u0165 k nim vlastn\u00fd koment\u00e1r\u00a0\u2013 koment\u00e1r pou\u010den\u00e9ho \u010ditate\u013ea, div\u00e1ka. (zip, heslo)| <a title=\"Tragick\u00e1 dr\u00e1ma - opakovanie\" href=\"https:\/\/jurajsabol.sk\/studijny_material_reforma\/rocnik_03_literatura\/17_dramat._lit._trag._drama\/tragicka_drama_opakovanie.zip\" target=\"_blank\" rel=\"noopener\">download<\/a><\/p>\n<h2><a href=\"https:\/\/jurajsabol.sk\/wp-content\/uploads\/20130810_061855_20130810062758165.jpg\"><img loading=\"lazy\" decoding=\"async\" class=\"wp-image-243 aligncenter\" src=\"https:\/\/jurajsabol.sk\/wp-content\/uploads\/20130810_061855_20130810062758165-150x150.jpg\" alt=\"20130810_061855_20130810062758165\" width=\"90\" height=\"90\" srcset=\"https:\/\/jurajsabol.sk\/wp-content\/uploads\/20130810_061855_20130810062758165-150x150.jpg 150w, https:\/\/jurajsabol.sk\/wp-content\/uploads\/20130810_061855_20130810062758165-300x300.jpg 300w, https:\/\/jurajsabol.sk\/wp-content\/uploads\/20130810_061855_20130810062758165.jpg 406w\" sizes=\"auto, (max-width: 90px) 100vw, 90px\" \/><\/a><\/h2>\n<h2>ZAUJ\u00cdMAV\u00c9 PODOBY LYRIKY \u2013 ABSOL\u00daTNA PO\u00c9ZIA, KONKR\u00c9TNA PO\u00c9ZIA, \u010cIST\u00c1 PO\u00c9ZIA (18. tematick\u00fd celok)<\/h2>\n<h3>Liter\u00e1rne uk\u00e1\u017eky a pracovn\u00e9 listy na stiahnutie<\/h3>\n<p><strong>Zauj\u00edmav\u00e9 podoby lyriky<\/strong> | P. Verlaine, I. Krasko, Ch. Morgenstern, J. Kol\u00e1\u0159, L. Nov\u00e1k, J. Seifert | prac. listy s lit. uk\u00e1\u017ekami (heslo) | <a href=\"https:\/\/jurajsabol.sk\/studijny_material_reforma\/rocnik_03_literatura\/18_lyricka_poezia_cista_lyrika\/cista_lyrika_pracovny_list.zip\" target=\"_blank\" rel=\"noopener\">download<\/a><\/p>\n<p><strong>Rudolf Dilong<\/strong>\u00a0| zvukov\u00e9 s\u00fabory, s ktor\u00fdmi sme pracovali na hodine (heslo) | <a href=\"https:\/\/jurajsabol.sk\/studijny_material_reforma\/rocnik_03_literatura\/18_lyricka_poezia_cista_lyrika\/dilong_zvukove_ukazky.zip\" target=\"_blank\" rel=\"noopener\">download<\/a> | \u00falohy k zvukov\u00fdm s\u00faborom | <a href=\"https:\/\/jurajsabol.sk\/studijny_material_reforma\/rocnik_03_literatura\/18_lyricka_poezia_cista_lyrika\/slovenska_zem_ulohy.doc\" target=\"_blank\" rel=\"noopener\">download<\/a>\u00a0| Rudolf Dilong o \u010distej po\u00e9zii | <a href=\"https:\/\/jurajsabol.sk\/studijny_material_reforma\/rocnik_03_literatura\/18_lyricka_poezia_cista_lyrika\/dilong%20rudolf%20-%20nazory%20na%20tvorbu.docx\" target=\"_blank\" rel=\"noopener\">download<\/a><\/p>\n<h3>Doplnkov\u00fd \u0161tudijn\u00fd materi\u00e1l<\/h3>\n<p><strong>Henri Bremond<\/strong> | o (\u010distej) po\u00e9zii z knihy V. Kub\u00edna Ars poetica (heslo) | <a href=\"https:\/\/jurajsabol.sk\/studijny_material_reforma\/rocnik_03_literatura\/18_lyricka_poezia_cista_lyrika\/bremond_henri_ars_poetica.zip\" target=\"_blank\" rel=\"noopener\">download<\/a><\/p>\n<h2><span style=\"line-height: 1.714285714; font-size: 1rem;\"><span style=\"font-size: 1.285714286rem; line-height: 1.6;\"><a href=\"https:\/\/jurajsabol.sk\/wp-content\/uploads\/20130810_061826_20130810063009418.jpg\"><img loading=\"lazy\" decoding=\"async\" class=\"wp-image-244 aligncenter\" src=\"https:\/\/jurajsabol.sk\/wp-content\/uploads\/20130810_061826_20130810063009418-150x150.jpg\" alt=\"20130810_061826_20130810063009418\" width=\"90\" height=\"90\" srcset=\"https:\/\/jurajsabol.sk\/wp-content\/uploads\/20130810_061826_20130810063009418-150x150.jpg 150w, https:\/\/jurajsabol.sk\/wp-content\/uploads\/20130810_061826_20130810063009418-300x300.jpg 300w, https:\/\/jurajsabol.sk\/wp-content\/uploads\/20130810_061826_20130810063009418.jpg 389w\" sizes=\"auto, (max-width: 90px) 100vw, 90px\" \/><\/a><\/span><\/span><\/h2>\n<h2>NETRADI\u010cN\u00c1 EPICK\u00c1 PR\u00d3ZA \u2013 PR\u00daD AUTOROVHO VEDOMIA (19. tematick\u00fd celok)<\/h2>\n<h3>Liter\u00e1rne uk\u00e1\u017eky a pracovn\u00e9 listy na stiahnutie<\/h3>\n<p><strong>Franz Kafka<\/strong> | Vraj ho nie je mo\u017en\u00e9 \u010d\u00edta\u0165 bez toho, aby sme ho neinterpretovali. | Premena \u2013 pr\u00edbeh bez koment\u00e1rov, bez hodnotiaceho stanoviska (Vypracovala: Katka Adami\u0161inov\u00e1, 3. A v \u0161kol. roku 2004\/2005) | <a href=\"https:\/\/jurajsabol.sk\/studijny_material\/3_rocnik\/kafka\/premena_pribeh.htm\" target=\"_blank\" rel=\"noopener\">odkaz<\/a> | Ortie\u013e a i. | V\u00fdklad Nat\u00e1lie Gre\u0161l\u00edkovej (3. C, \u0161kol. rok 2005\/2006) potvrdzuje, \u017ee o Franzovi Kafkovi sa d\u00e1 hovori\u0165 jednoducho, zrozumite\u013ene a z\u00e1rove\u0148 presne. V\u00fdborn\u00fd \u0161tudijn\u00fd materi\u00e1l. Pozrite si aj zoznam pou\u017eitej literat\u00fary. | <a href=\"https:\/\/jurajsabol.sk\/studijny_material\/3_rocnik\/kafka\/kafka_ortiel_natalia_greslikova_3c_2005-2006.doc\" target=\"_blank\" rel=\"noopener\">download<\/a> | text na \u010d\u00edtanie a rozbor (heslo) | <a href=\"https:\/\/jurajsabol.sk\/studijny_material\/3_rocnik\/kafka\/premena_povin_citanie.exe\" target=\"_blank\" rel=\"noopener\">download<\/a><\/p>\n<p><strong>James Joyce, Virginia Woolfov\u00e1<\/strong>\u00a0| liter\u00e1rne uk\u00e1\u017eky z vyu\u010dovacej hodiny (heslo)\u00a0| <a title=\"liter\u00e1rne uk\u00e1\u017eky\" href=\"https:\/\/jurajsabol.sk\/studijny_material_reforma\/rocnik_03_literatura\/19_netradic._epic._proza\/joyce_woolfova_ukazky.zip\" target=\"_blank\" rel=\"noopener\">download<\/a><\/p>\n<p><strong>Du\u0161an Du\u0161ek<\/strong>\u00a0\u2013 Kufor na sny |\u00a0pracovn\u00e9 listy s \u00falohami na anal\u00fdzu a \u010d\u00edtanie s porozumen\u00edm (heslo) | <a href=\"https:\/\/jurajsabol.sk\/studijny_material_reforma\/rocnik_03_literatura\/19_netradic._epic._proza\/dusek_dusan%20-%20ziak.zip\" target=\"_blank\" rel=\"noopener\">download<\/a><\/p>\n<h4>Porovnajte nasleduj\u00face tri cit\u00e1ty a uva\u017eujte o tom, \u010do maj\u00fa spolo\u010dn\u00e9.<\/h4>\n<p><em>Spisovate\u013e je s\u00f3lista na po\u0161tovej tr\u00fabke.<\/em> D. Du\u0161ek<\/p>\n<p><em>B\u00e1snik je m\u00e9dium sprostredk\u00favaj\u00face kontakt medzi ml\u010danlivou skuto\u010dnos\u0165ou a\u00a0hovoriacimi \u013eu\u010fmi.<\/em> M. R\u00fafus<\/p>\n<p><em>Nespr\u00e1vne sa hovor\u00ed: Mysl\u00edm. Malo by sa hovori\u0165: Mysl\u00ed to vo mne.<\/em> J. A. Rimbaud<\/p>\n<h2><a href=\"https:\/\/jurajsabol.sk\/wp-content\/uploads\/20130810_061804_20130810062523761.jpg\"><img loading=\"lazy\" decoding=\"async\" class=\"wp-image-245 aligncenter\" src=\"https:\/\/jurajsabol.sk\/wp-content\/uploads\/20130810_061804_20130810062523761-150x150.jpg\" alt=\"20130810_061804_20130810062523761\" width=\"90\" height=\"90\" srcset=\"https:\/\/jurajsabol.sk\/wp-content\/uploads\/20130810_061804_20130810062523761-150x150.jpg 150w, https:\/\/jurajsabol.sk\/wp-content\/uploads\/20130810_061804_20130810062523761-300x300.jpg 300w, https:\/\/jurajsabol.sk\/wp-content\/uploads\/20130810_061804_20130810062523761.jpg 348w\" sizes=\"auto, (max-width: 90px) 100vw, 90px\" \/><\/a><\/h2>\n<h2>LYRICK\u00c1 PO\u00c9ZIA \u2013 AUTOMATICK\u00dd TEXT (20. tematick\u00fd celok)<\/h2>\n<h3>Liter\u00e1rne uk\u00e1\u017eky a pracovn\u00e9 listy na stiahnutie<\/h3>\n<p><a href=\"https:\/\/youtu.be\/2Y6xXWq1Tik\">https:\/\/youtu.be\/2Y6xXWq1Tik<\/a><\/p>\n<pre style=\"text-align: center;\"><em>Nav\u0161t\u00edvte Par\u00ed\u017e r. 1900 a za\u010d\u00edtajte sa do \u00favodn\u00fdch ver\u0161ov P\u00e1sma.<\/em><\/pre>\n<p><strong>Guillaume Apollinaire<\/strong> | pracovn\u00e9 listy na t\u00e9mu <em>P\u00e1smo<\/em> vhodn\u00e9 aj na samo\u0161t\u00fadium (ver. 2022\/2023, heslo) | <a href=\"https:\/\/jurajsabol.sk\/studijny_material_reforma\/rocnik_03_literatura\/20_lyr._poezia_automat\/apollinaire_pasmo_s_ulohami.zip\" target=\"_blank\" rel=\"noopener\">download<\/a><\/p>\n<p><strong>Avantgarda<\/strong> | pracovn\u00e9 listy na t\u00e9mu <em>Avantgarda<\/em> s obr\u00e1zkami (ver. 2022\/2023, heslo) | <a href=\"https:\/\/jurajsabol.sk\/studijny_material_reforma\/rocnik_03_literatura\/20_lyr._poezia_automat\/avantgarda_studijny_material.zip\" target=\"_blank\" rel=\"noopener\">download<\/a><\/p>\n<h3>Doplnkov\u00fd \u0161tudijn\u00fd materi\u00e1l<\/h3>\n<h4>Z PO\u00c9ZIE ROMANTIZMU<\/h4>\n<p><strong>Karel Hynek M\u00e1cha<\/strong> | uk\u00e1\u017eky z b\u00e1sne M\u00e1j, jednej z najd\u00f4le\u017eitej\u0161\u00edch v \u010deskej literat\u00fare | <a href=\"https:\/\/jurajsabol.sk\/studijny_material\/1_rocnik\/macha\/maj_prac_list.doc\" target=\"_blank\" rel=\"noopener\">download<\/a><\/p>\n<h4>Z \u010cESKEJ MEDZIVOJNOVEJ PO\u00c9ZIE<\/h4>\n<p><strong>V\u00edt\u011bzslav Nezval<\/strong> | b\u00e1snikove n\u00e1zory na modern\u00fa po\u00e9ziu |\u00a0<a href=\"https:\/\/jurajsabol.sk\/studijny_material\/3_rocnik\/nezval\/nazory_na_poeziu.doc\" target=\"_blank\" rel=\"noopener\">download<\/a> |\u00a0anal\u00fdza p\u00e1smovej skladby Edison (heslo) | <a href=\"https:\/\/jurajsabol.sk\/studijny_material\/3_rocnik\/nezval\/nezval_stud_material.exe\" target=\"_blank\" rel=\"noopener\">download<\/a> | Pantomima |\u00a0uk\u00e1\u017eky z faksimile (heslo) | <a href=\"https:\/\/jurajsabol.sk\/studijny_material_reforma\/rocnik_03_literatura\/20_lyr._poezia_automat\/vitezslav_nezval_pantomima.zip\" target=\"_blank\" rel=\"noopener\">download<\/a><\/p>\n<p><strong>Jaroslav Seifert<\/strong>\u00a0\u2013 Na vln\u00e1ch TSF |\u00a0pracovn\u00e9 listy s pozn\u00e1mkami a \u00falohami | <a href=\"https:\/\/jurajsabol.sk\/studijny_material\/3_rocnik\/seifert\/seifert_na_vlnach_tsf_pracovny_list.rar\" target=\"_blank\" rel=\"noopener\">download<\/a><\/p>\n<h4>ZO SLOVENSKEJ MEDZIVOJNOVEJ PO\u00c9ZIE<\/h4>\n<p><strong>Laco Novomesk\u00fd<\/strong> | \u0161tudijn\u00fd materi\u00e1l Avantgardnos\u0165 v programe a tvorbe Ladislava Novomesk\u00e9ho | <a href=\"https:\/\/jurajsabol.sk\/studijny_material\/3_rocnik\/novomesky\/pracovny_list_novomesky.doc\" target=\"_blank\" rel=\"noopener\">download<\/a><\/p>\n<p><strong>Rudol Dilong<\/strong> | Pozri 18. tematick\u00fd celok Lyrick\u00e1 po\u00e9zia \u2013\u00a0\u010dist\u00e1 lyrika.<\/p>\n<h4>ZO SLOVENSKEJ PO\u00c9ZIE 60. ROKOV 20. STORO\u010cIA<\/h4>\n<p><strong>J\u00e1n Stacho<\/strong>\u00a0|\u00a0diskutovali sme napr. o jeho metafore |\u00a0texty na samo\u0161t\u00fadium\u00a0(heslo) | <a href=\"https:\/\/jurajsabol.sk\/studijny_material\/4_rocnik\/slov_poez_od1956\/slovenski_basnici_po_1945.exe\" target=\"_blank\" rel=\"noopener\">download<\/a>\u00a0|\u00a0liter\u00e1rne uk\u00e1\u017eky Noc, ktor\u00fa prebdiem s Marion, K\u00fapanie, Vzbura\u00a0| <a href=\"https:\/\/jurajsabol.sk\/studijny_material\/4_rocnik\/stacho\/stacho_ukazky.pdf\" target=\"_blank\" rel=\"noopener\">download<\/a>\u00a0|\u00a0autor v Zlatom fonde denn\u00edka SME\u00a0| <a href=\"http:\/\/zlatyfond.sme.sk\/autor\/109\/Jan-Stacho\" target=\"_blank\" rel=\"noopener\">odkaz<\/a>\u00a0|\u00a0gener\u00e1cia Mladej tvorby v po\u00e9zii<\/p>\n<h2><a href=\"https:\/\/jurajsabol.sk\/wp-content\/uploads\/20130810_045939_20130810050617742.jpg\"><img loading=\"lazy\" decoding=\"async\" class=\"wp-image-216 aligncenter\" src=\"https:\/\/jurajsabol.sk\/wp-content\/uploads\/20130810_045939_20130810050617742-150x150.jpg\" alt=\"20130810_045939_20130810050617742\" width=\"90\" height=\"90\" srcset=\"https:\/\/jurajsabol.sk\/wp-content\/uploads\/20130810_045939_20130810050617742-150x150.jpg 150w, https:\/\/jurajsabol.sk\/wp-content\/uploads\/20130810_045939_20130810050617742-300x300.jpg 300w, https:\/\/jurajsabol.sk\/wp-content\/uploads\/20130810_045939_20130810050617742.jpg 442w\" sizes=\"auto, (max-width: 90px) 100vw, 90px\" \/><\/a><\/h2>\n<h2>LYRICK\u00c1 PO\u00c9ZIA \u2013 VO\u013dN\u00dd VER\u0160 (15. tematick\u00fd celok)<\/h2>\n<h3>Liter\u00e1rne uk\u00e1\u017eky a pracovn\u00e9 listy na stiahnutie<\/h3>\n<p><strong>De\u017eo Ursiny\/Ivan \u0160trpka<\/strong> \u2013\u00a0Pr\u00edbeh | stiahni si, \u010do potrebuje\u0161 (heslo)\u00a0| <a href=\"https:\/\/jurajsabol.sk\/projekty_a_kruzky\/rabaka\/ursiny_strpka_pribeh_booklet.rar\" target=\"_blank\" rel=\"noopener\">download<\/a>\u00a0|\u00a0pracovn\u00fd list s ot\u00e1zkami a \u00falohami | <a href=\"https:\/\/jurajsabol.sk\/studijny_material_reforma\/rocnik_03_literatura\/15_lyricka_poezia_vol._vers\/lyricka_poezia_volny_vers_ziak.doc\" target=\"_blank\" rel=\"noopener\">download<\/a><\/p>\n<p><strong>\u0160tefan Str\u00e1\u017eay<\/strong> \u2013 Veciam na stole\u00a0| pracovn\u00fd list s liter\u00e1rnymi uk\u00e1\u017ekami (heslo)\u00a0| <a href=\"https:\/\/jurajsabol.sk\/studijny_material_reforma\/rocnik_03_literatura\/15_lyricka_poezia_vol._vers\/strazay_laucik_volny_vers.zip\" target=\"_blank\" rel=\"noopener\">download<\/a><\/p>\n<p><strong>vo\u013en\u00fd ver\u0161<\/strong> |\u00a0pojmov\u00e1 mapa | <em>liter\u00e1rna te\u00f3ria<\/em>\u00a0|\u00a0<a href=\"https:\/\/jurajsabol.sk\/studijny_material_reforma\/rocnik_03_literatura\/15_lyricka_poezia_vol._vers\/volny_vers.pdf\" target=\"_blank\" rel=\"noopener\">download<\/a><\/p>\n<p><strong>Osamel\u00ed be\u017eci<\/strong>\u00a0(Ivan Lau\u010d\u00edk, Ivan \u0160trpka, Peter Repka) | Manifesty Osamel\u00fdch be\u017ecov prevzat\u00e9 z \u010dasopisu Literika \u010d. 3 &#8211; 4 1996, ro\u010dn\u00edk I., s. 138, s. 139, s. 140 | <a href=\"https:\/\/jurajsabol.sk\/studijny_material\/4_rocnik\/osameli_bezci\/manifesty_osamel_bezcov.doc\" target=\"_blank\" rel=\"noopener\">download<\/a> | Cel\u00e9 dvoj\u010d\u00edslo je venovan\u00e9 liter\u00e1rnym smerom a skupin\u00e1m v slovenskej literat\u00fare 20. storo\u010dia.<\/p>\n<p><strong>Ivan Lau\u010d\u00edk<\/strong>\u00a0\u2013 Nansen, V\u00edchor&#8230; | <a title=\"Ivan Lau\u010d\u00edk \u2013 v\u00fdber z po\u00e9zie\" href=\"https:\/\/jurajsabol.sk\/?page_id=740\" target=\"_blank\" rel=\"noopener\">audio<\/a>,\u00a0<a href=\"https:\/\/jurajsabol.sk\/studijny_material\/4_rocnik\/laucik\/laucik_nansen_a_i.doc\" target=\"_blank\" rel=\"noopener\">download<\/a><\/p>\n<p><strong>J\u00e1n Smrek<\/strong>\u00a0| \u0161tudijn\u00fd materi\u00e1l (heslo) | <a href=\"https:\/\/jurajsabol.sk\/studijny_material_reforma\/rocnik_03_literatura\/15_lyricka_poezia_vol._vers\/smrek_jan_web.zip\" target=\"_blank\" rel=\"noopener\">download<\/a><\/p>\n<p><strong>duchovn\u00e1 po\u00e9zia<\/strong> | <em>Ja som to, priatelia, ja, b\u00e1snik Francis Jammes, a idem do raja, preto\u017ee u Boha niet pekla&#8230;<\/em> (heslo) | <a href=\"https:\/\/jurajsabol.sk\/studijny_material_reforma\/rocnik_03_literatura\/15_lyricka_poezia_vol._vers\/duchovna_poezia_ziak.zip\" target=\"_blank\" rel=\"noopener\">download<\/a><\/p>\n<h2><a href=\"https:\/\/jurajsabol.sk\/wp-content\/uploads\/20130810_045819_20130810050335366.jpg\"><img loading=\"lazy\" decoding=\"async\" class=\"alignnone wp-image-221 aligncenter\" src=\"https:\/\/jurajsabol.sk\/wp-content\/uploads\/20130810_045819_20130810050335366-150x150.jpg\" alt=\"20130810_045819_20130810050335366\" width=\"90\" height=\"90\" srcset=\"https:\/\/jurajsabol.sk\/wp-content\/uploads\/20130810_045819_20130810050335366-150x150.jpg 150w, https:\/\/jurajsabol.sk\/wp-content\/uploads\/20130810_045819_20130810050335366.jpg 160w\" sizes=\"auto, (max-width: 90px) 100vw, 90px\" \/><\/a><\/h2>\n<h2>VE\u013dK\u00c1 EPICK\u00c1 PR\u00d3ZA \u2013 RE\u0164AZOV\u00dd KOMPOZI\u010cN\u00dd PRINC\u00cdP (16. tematick\u00fd celok)<\/h2>\n<h3>Liter\u00e1rne uk\u00e1\u017eky a pracovn\u00e9 listy na stiahnutie:<\/h3>\n<p><strong>Jozef C\u00edger Hronsk\u00fd<\/strong>\u00a0\u2013 Jozef Mak | pracovn\u00fd list s \u00falohami (heslo) |\u00a0<a href=\"https:\/\/jurajsabol.sk\/news\/2011_02\/hronsky_j._c._jozef_mak_v1_ziak.zip\" target=\"_blank\" rel=\"noopener\">download<\/a>\u00a0| \u010do o autorovi povedali \u0160tefan Kr\u010dm\u00e9ry alebo Alexander Matu\u0161ka \u2013 cit\u00e1ty\u00a0| <a href=\"https:\/\/jurajsabol.sk\/studijny_material\/3_rocnik\/hronsky\/hronsky_citaty.doc\" target=\"_blank\" rel=\"noopener\">download<\/a><\/p>\n<p><strong>Dobroslav Chrob\u00e1k<\/strong> \u2013\u00a0Drak sa vracia | pracovn\u00fd list s \u00falohami na anal\u00fdzu a \u010d\u00edtanie s porozumen\u00edm (heslo) | <a href=\"https:\/\/jurajsabol.sk\/studijny_material_reforma\/rocnik_03_literatura\/16_velka_epicka_proza_retaz\/ziak_chrobak_d._drak_sa_vracia_analyza_textu.zip\" target=\"_blank\" rel=\"noopener\">download<\/a> | rozbor diela na samo\u0161t\u00fadium (heslo) | <a href=\"https:\/\/jurajsabol.sk\/studijny_material_reforma\/rocnik_03_literatura\/16_velka_epicka_proza_retaz\/cal_drak_sa_vracia.zip\">download<\/a><\/p>\n<h3>Doplnkov\u00fd \u0161tudijn\u00fd materi\u00e1l:<\/h3>\n<p><strong>Milo Urban <\/strong>\u2013\u00a0\u00a0Dreven\u00fd chlieb\u00a0| \u00falohy na anal\u00fdzu (docx)\u00a0| <a title=\"Dreven\u00fd chlieb - anal\u00fdza\" href=\"https:\/\/jurajsabol.sk\/studijny_material_reforma\/rocnik_03_literatura\/16_velka_epicka_proza_retaz\/dreveny_chlieb_otazky_k_ukazke.docx\" target=\"_blank\" rel=\"noopener\">download<\/a>\u00a0| vypo\u010du\u0165 si nahr\u00e1vku (heslo) | <a title=\"Milo Urban \u2013 Drevn\u00fd chlieb\" href=\"https:\/\/jurajsabol.sk\/?page_id=1015\" target=\"_blank\" rel=\"noopener\">audio<\/a>\u00a0| <em>opakovanie u\u010diva 2. ro\u010dn\u00edka<\/em><\/p>\n<p><strong>Naturizmus<\/strong> |\u00a0\u0161tudijn\u00fd materi\u00e1l s liter\u00e1rnymi uk\u00e1\u017ekami, ot\u00e1zkami a \u00falohami vhodn\u00fd aj na samo\u0161t\u00fadium (heslo) |\u00a0<a href=\"https:\/\/jurajsabol.sk\/studijny_material\/3_rocnik\/naturizmus\/naturizmus_pracovny_list_student.zip\" target=\"_blank\" rel=\"noopener\">download<\/a><\/p>\n","protected":false},"excerpt":{"rendered":"<p>DRAMATICK\u00c1 LITERAT\u00daRA \u2013 TRAGICK\u00c1 DR\u00c1MA (17. tematick\u00fd celok) Liter\u00e1rne uk\u00e1\u017eky a pracovn\u00e9 listy na stiahnutie ANTICK\u00c1 DR\u00c1MA Gr\u00e9cke divadlo | Pozrite sa, ako to vyzeralo v starovekom gr\u00e9ckom divadle. Osvojte si z\u00e1kladn\u00e9 pojmy. | download Sofokles \u2013 Vl\u00e1dca Oidipus | telev\u00edzna inscen\u00e1cia antickej trag\u00e9die (videoprojekcia) | odkaz | ot\u00e1zky na diskusiu po projekcii\u00a0| download Sofokles &hellip; <a href=\"https:\/\/jurajsabol.sk\/?page_id=37\" class=\"more-link\">Pokra\u010dova\u0165 v \u010d\u00edtan\u00ed: <span class=\"screen-reader-text\">literat\u00fara pre 3. ro\u010dn\u00edk<\/span><\/a><\/p>\n","protected":false},"author":1,"featured_media":0,"parent":90,"menu_order":0,"comment_status":"open","ping_status":"closed","template":"","meta":{"footnotes":""},"class_list":["post-37","page","type-page","status-publish","hentry"],"_links":{"self":[{"href":"https:\/\/jurajsabol.sk\/index.php?rest_route=\/wp\/v2\/pages\/37","targetHints":{"allow":["GET"]}}],"collection":[{"href":"https:\/\/jurajsabol.sk\/index.php?rest_route=\/wp\/v2\/pages"}],"about":[{"href":"https:\/\/jurajsabol.sk\/index.php?rest_route=\/wp\/v2\/types\/page"}],"author":[{"embeddable":true,"href":"https:\/\/jurajsabol.sk\/index.php?rest_route=\/wp\/v2\/users\/1"}],"replies":[{"embeddable":true,"href":"https:\/\/jurajsabol.sk\/index.php?rest_route=%2Fwp%2Fv2%2Fcomments&post=37"}],"version-history":[{"count":81,"href":"https:\/\/jurajsabol.sk\/index.php?rest_route=\/wp\/v2\/pages\/37\/revisions"}],"predecessor-version":[{"id":7650,"href":"https:\/\/jurajsabol.sk\/index.php?rest_route=\/wp\/v2\/pages\/37\/revisions\/7650"}],"up":[{"embeddable":true,"href":"https:\/\/jurajsabol.sk\/index.php?rest_route=\/wp\/v2\/pages\/90"}],"wp:attachment":[{"href":"https:\/\/jurajsabol.sk\/index.php?rest_route=%2Fwp%2Fv2%2Fmedia&parent=37"}],"curies":[{"name":"wp","href":"https:\/\/api.w.org\/{rel}","templated":true}]}}