{"id":2,"date":"2013-08-08T17:41:57","date_gmt":"2013-08-08T17:41:57","guid":{"rendered":"http:\/\/jurajsabol.sk\/?page_id=2"},"modified":"2023-09-03T14:51:33","modified_gmt":"2023-09-03T12:51:33","slug":"sample-page","status":"publish","type":"page","link":"https:\/\/jurajsabol.sk\/?page_id=2","title":{"rendered":"slovensk\u00fd jazyk"},"content":{"rendered":"<h2><a style=\"font-size: 1.285714286rem; line-height: 1.6;\" href=\"https:\/\/jurajsabol.sk\/wp-content\/uploads\/20130811_152405_20130811152600734.jpg\"><img loading=\"lazy\" decoding=\"async\" class=\"wp-image-373 aligncenter\" src=\"https:\/\/jurajsabol.sk\/wp-content\/uploads\/20130811_152405_20130811152600734-150x150.jpg\" alt=\"20130811_152405_20130811152600734\" width=\"90\" height=\"90\" srcset=\"https:\/\/jurajsabol.sk\/wp-content\/uploads\/20130811_152405_20130811152600734-150x150.jpg 150w, https:\/\/jurajsabol.sk\/wp-content\/uploads\/20130811_152405_20130811152600734-300x300.jpg 300w, https:\/\/jurajsabol.sk\/wp-content\/uploads\/20130811_152405_20130811152600734.jpg 309w\" sizes=\"auto, (max-width: 90px) 100vw, 90px\" \/><\/a><\/h2>\n<h2>AKO NA DOBR\u00dd SLOH?<\/h2>\n<p><strong>\u00daprava \u0161kolskej slohovej pr\u00e1ce <\/strong>(ver. 2023\/2024) | <a href=\"https:\/\/jurajsabol.sk\/studijny_material_reforma\/uprava_skolskej_slohovej_prace_v02.docx\" target=\"_blank\" rel=\"noopener\">download<\/a><\/p>\n<p>Vytla\u010dte si pracovn\u00e9 listy <strong>s pr\u00edkladmi naj\u010dastej\u0161\u00edch jazykov\u00fdch ch\u00fdb<\/strong> v \u0161kolsk\u00fdch slohov\u00fdch pr\u00e1cach. Identifikujte chyby, navrhujte rie\u0161enia.<\/p>\n<p>Ako na dobr\u00fd sloh I. <a href=\"https:\/\/jurajsabol.sk\/news\/2013_06\/ako_na_dobry_sloh.zip\">(Beletrizovan\u00fd \u017eivotopis)<\/a><a href=\"https:\/\/jurajsabol.sk\/news\/2014_05\/ako_na_dobry_sloh_03_beletriz._zivotopis_ziak.zip\" target=\"_blank\" rel=\"noopener\"><br \/>\n<\/a>Ako na dobr\u00fd sloh II. <a href=\"https:\/\/jurajsabol.sk\/news\/2013_06\/ako_na_dobry_sloh.zip\">(\u00davaha)<\/a><br \/>\nAko na dobr\u00fd sloh III. <a href=\"https:\/\/jurajsabol.sk\/news\/2014_05\/ako_na_dobry_sloh_03_beletriz._zivotopis_ziak.zip\" target=\"_blank\" rel=\"noopener\">(Beletrizovan\u00fd \u017eivotopis)<\/a><a href=\"https:\/\/jurajsabol.sk\/news\/2014_05\/ako_na_dobry_sloh_03_beletriz._zivotopis_ziak.zip\" target=\"_blank\" rel=\"noopener\"><br \/>\n<\/a>Ako na dobr\u00fd sloh IV. <a href=\"https:\/\/jurajsabol.sk\/news\/2015_12\/ako_na_dobry_sloh_04_uvaha.zip\" target=\"_blank\" rel=\"noopener\">(\u00davaha)<\/a> <a href=\"https:\/\/jurajsabol.sk\/news\/2015_12\/ako_na_dobry_sloh_04_uvaha.zip\" target=\"_blank\" rel=\"noopener\"><br \/>\n<\/a>Ako na dobr\u00fd sloh V. <a href=\"https:\/\/jurajsabol.sk\/news\/2016_06\/ako_na_dobry_sloh_5.zip\" target=\"_blank\" rel=\"noopener\">(Beletrizovan\u00fd \u017eivotopis)<\/a><a href=\"https:\/\/jurajsabol.sk\/news\/2016_06\/ako_na_dobry_sloh_5.zip\" target=\"_blank\" rel=\"noopener\"><br \/>\n<\/a>Ako na dobr\u00fd sloh VI. <a href=\"https:\/\/jurajsabol.sk\/?page_id=1508\" target=\"_blank\" rel=\"noopener\">\u00davaha<\/a> <a href=\"https:\/\/jurajsabol.sk\/?page_id=1508\"><br \/>\n<\/a>Ako na dobr\u00fd sloh VII. <a href=\"https:\/\/jurajsabol.sk\/?page_id=1537\" target=\"_blank\" rel=\"noopener\">(Charakteristika osoby)<\/a><br \/>\nAko na dobr\u00fd sloh VIII. <a href=\"https:\/\/jurajsabol.sk\/?page_id=1644\" target=\"_blank\" rel=\"noopener\">(Charakteristika osoby)<\/a><br \/>\nAko na dobr\u00fd sloh IX. <a href=\"https:\/\/jurajsabol.sk\/?page_id=1659\" target=\"_blank\" rel=\"noopener\">(Beletrizovan\u00fd \u017eivotopis)<\/a><\/p>\n<p><strong>Pre\u010d\u00edtajte si<\/strong>, ak\u00e9 ponau\u010denie si z podobnej aktivity vzali va\u0161i star\u0161\u00ed spolu\u017eiaci. Dopl\u0148te dokument o vlastn\u00e9 postrehy. | <a href=\"https:\/\/jurajsabol.sk\/news\/2012_09\/zasady_pre_dobry_sloh.pdf\" target=\"_blank\" rel=\"noopener\">download<\/a><\/p>\n<p>Rie\u0161te <strong>dobrovo\u013en\u00e9 dom\u00e1ce \u00falohy<\/strong>.<\/p>\n<p>Publikujte na na\u0161om blogu <strong>Literat\u00fara ako sie\u0165.<\/strong>\u00a0| <a title=\"Literat\u00fara ako sie\u0165\" href=\"http:\/\/akosiet.blogspot.sk\/\" target=\"_blank\" rel=\"noopener\">odkaz<\/a><\/p>\n<h2><a href=\"https:\/\/jurajsabol.sk\/wp-content\/uploads\/slovencina_na_slovicko.jpg\"><img loading=\"lazy\" decoding=\"async\" class=\"wp-image-381 aligncenter\" src=\"https:\/\/jurajsabol.sk\/wp-content\/uploads\/slovencina_na_slovicko-150x150.jpg\" alt=\"slovencina_na_slovicko\" width=\"90\" height=\"90\" srcset=\"https:\/\/jurajsabol.sk\/wp-content\/uploads\/slovencina_na_slovicko-150x150.jpg 150w, https:\/\/jurajsabol.sk\/wp-content\/uploads\/slovencina_na_slovicko-300x300.jpg 300w, https:\/\/jurajsabol.sk\/wp-content\/uploads\/slovencina_na_slovicko.jpg 399w\" sizes=\"auto, (max-width: 90px) 100vw, 90px\" \/><\/a><\/h2>\n<h2>SLOVEN\u010cINA NA SLOV\u00cd\u010cKO<\/h2>\n<p>Po zmene webovej str\u00e1nky RTVS nefunguje RSS kan\u00e1l rel\u00e1cie Sloven\u010dina na slov\u00ed\u010dko. Na\u0161\u0165astie, str\u00e1nka rel\u00e1cie je preh\u013eadn\u00e1, dokonca pon\u00faka mo\u017enos\u0165 stiahnu\u0165 si nahr\u00e1vku. | <a title=\"Sloven\u010dina na slov\u00ed\u010dko\" href=\"http:\/\/slovensko.rtvs.sk\/relacie\/slovencina-na-slovicko\" target=\"_blank\" rel=\"noopener\">odkaz<\/a><\/p>\n<h2><img loading=\"lazy\" decoding=\"async\" class=\"wp-image-373 aligncenter\" src=\"https:\/\/jurajsabol.sk\/wp-content\/uploads\/20130811_152405_20130811152600734-150x150.jpg\" alt=\"\" width=\"90\" height=\"90\" srcset=\"https:\/\/jurajsabol.sk\/wp-content\/uploads\/20130811_152405_20130811152600734-150x150.jpg 150w, https:\/\/jurajsabol.sk\/wp-content\/uploads\/20130811_152405_20130811152600734-300x300.jpg 300w, https:\/\/jurajsabol.sk\/wp-content\/uploads\/20130811_152405_20130811152600734.jpg 309w\" sizes=\"auto, (max-width: 90px) 100vw, 90px\" \/><\/h2>\n<h2><strong>DIKT\u00c1TY<\/strong><\/h2>\n<p>Na\u0161tudujte si dikt\u00e1ty, z ktor\u00fdch vyberiem v \u0161kol. r. 2017\/2018 \u0161tyri. (heslo) | <a href=\"https:\/\/jurajsabol.sk\/studijny_material_reforma\/diktaty\/diktaty_2017.zip\">download<\/a><br \/>\nNa\u0161tudujte si dikt\u00e1ty, z ktor\u00fdch vyberiem v \u0161kol. r. 2018\/2019 \u0161tyri. (heslo) | <a href=\"https:\/\/jurajsabol.sk\/studijny_material_reforma\/diktaty\/diktaty_2018-2019.zip\">download<\/a><br \/>\nNa\u0161tudujte si dikt\u00e1ty, z ktor\u00fdch vyberiem v \u0161kol. r. 2019\/2020 \u0161tyri. (heslo) | <a href=\"https:\/\/jurajsabol.sk\/studijny_material_reforma\/diktaty\/diktaty_2019-2020.zip\">download<\/a><\/p>\n<h2><a href=\"https:\/\/jurajsabol.sk\/wp-content\/uploads\/nebojme_sa_slovenciny_final.jpg\" target=\"_blank\" rel=\"noopener\"><img loading=\"lazy\" decoding=\"async\" class=\"wp-image-1185 aligncenter\" src=\"https:\/\/jurajsabol.sk\/wp-content\/uploads\/nebojme_sa_slovenciny_final-150x150.jpg\" alt=\"nebojme_sa_slovenciny_final\" width=\"90\" height=\"90\" srcset=\"https:\/\/jurajsabol.sk\/wp-content\/uploads\/nebojme_sa_slovenciny_final-150x150.jpg 150w, https:\/\/jurajsabol.sk\/wp-content\/uploads\/nebojme_sa_slovenciny_final.jpg 300w\" sizes=\"auto, (max-width: 90px) 100vw, 90px\" \/><\/a><\/h2>\n<h2>NEBOJME SA SLOVEN\u010cINY<\/h2>\n<p>Z\u00e1bavno-vzdel\u00e1vac\u00ed cyklus o spr\u00e1vnom pou\u017e\u00edvan\u00ed spisovn\u00e9ho jazyka v ka\u017edodennom \u017eivote. Pozn.\u00a0\u2013 Na str\u00e1nke kliknite na <em>Arch\u00edv<\/em>.\u00a0 | <a title=\"Nebojme sa sloven\u010diny\" href=\"http:\/\/www.rtvs.sk\/televizia\/program\/detail\/6553\/nebojme-sa-slovenciny\" target=\"_blank\" rel=\"noopener\">odkaz<\/a><\/p>\n","protected":false},"excerpt":{"rendered":"<p>AKO NA DOBR\u00dd SLOH? \u00daprava \u0161kolskej slohovej pr\u00e1ce (ver. 2023\/2024) | download Vytla\u010dte si pracovn\u00e9 listy s pr\u00edkladmi naj\u010dastej\u0161\u00edch jazykov\u00fdch ch\u00fdb v \u0161kolsk\u00fdch slohov\u00fdch pr\u00e1cach. Identifikujte chyby, navrhujte rie\u0161enia. Ako na dobr\u00fd sloh I. (Beletrizovan\u00fd \u017eivotopis) Ako na dobr\u00fd sloh II. (\u00davaha) Ako na dobr\u00fd sloh III. (Beletrizovan\u00fd \u017eivotopis) Ako na dobr\u00fd sloh IV. (\u00davaha) &hellip; <a href=\"https:\/\/jurajsabol.sk\/?page_id=2\" class=\"more-link\">Pokra\u010dova\u0165 v \u010d\u00edtan\u00ed: <span class=\"screen-reader-text\">slovensk\u00fd jazyk<\/span><\/a><\/p>\n","protected":false},"author":1,"featured_media":0,"parent":0,"menu_order":0,"comment_status":"open","ping_status":"closed","template":"","meta":{"footnotes":""},"class_list":["post-2","page","type-page","status-publish","hentry"],"_links":{"self":[{"href":"https:\/\/jurajsabol.sk\/index.php?rest_route=\/wp\/v2\/pages\/2","targetHints":{"allow":["GET"]}}],"collection":[{"href":"https:\/\/jurajsabol.sk\/index.php?rest_route=\/wp\/v2\/pages"}],"about":[{"href":"https:\/\/jurajsabol.sk\/index.php?rest_route=\/wp\/v2\/types\/page"}],"author":[{"embeddable":true,"href":"https:\/\/jurajsabol.sk\/index.php?rest_route=\/wp\/v2\/users\/1"}],"replies":[{"embeddable":true,"href":"https:\/\/jurajsabol.sk\/index.php?rest_route=%2Fwp%2Fv2%2Fcomments&post=2"}],"version-history":[{"count":63,"href":"https:\/\/jurajsabol.sk\/index.php?rest_route=\/wp\/v2\/pages\/2\/revisions"}],"predecessor-version":[{"id":7665,"href":"https:\/\/jurajsabol.sk\/index.php?rest_route=\/wp\/v2\/pages\/2\/revisions\/7665"}],"wp:attachment":[{"href":"https:\/\/jurajsabol.sk\/index.php?rest_route=%2Fwp%2Fv2%2Fmedia&parent=2"}],"curies":[{"name":"wp","href":"https:\/\/api.w.org\/{rel}","templated":true}]}}