{"id":176,"date":"2013-08-09T18:32:25","date_gmt":"2013-08-09T16:32:25","guid":{"rendered":"http:\/\/jurajsabol.sk\/?page_id=176"},"modified":"2023-02-26T13:58:41","modified_gmt":"2023-02-26T11:58:41","slug":"literarny-seminar","status":"publish","type":"page","link":"https:\/\/jurajsabol.sk\/?page_id=176","title":{"rendered":"maturita"},"content":{"rendered":"<h2><a href=\"https:\/\/jurajsabol.sk\/wp-content\/uploads\/literarny_seminar.jpg\"><img loading=\"lazy\" decoding=\"async\" class=\"wp-image-465 aligncenter\" src=\"https:\/\/jurajsabol.sk\/wp-content\/uploads\/literarny_seminar-150x150.jpg\" alt=\"literarny_seminar\" width=\"90\" height=\"90\" srcset=\"https:\/\/jurajsabol.sk\/wp-content\/uploads\/literarny_seminar-150x150.jpg 150w, https:\/\/jurajsabol.sk\/wp-content\/uploads\/literarny_seminar.jpg 272w\" sizes=\"auto, (max-width: 90px) 100vw, 90px\" \/><\/a><\/h2>\n<h2>\u00daSTNA \u010cAS\u0164 MATURITNEJ SK\u00da\u0160KY<\/h2>\n<p><strong>Sylaby z literat\u00fary<\/strong> | <span style=\"color: #ff0000;\">Aktualizovan\u00e9 18. 2. 2023.<\/span> (heslo) |\u00a0<a title=\"sylaby z literat\u00fary\" href=\"https:\/\/jurajsabol.sk\/?page_id=1650\" target=\"_blank\" rel=\"noopener\">odkaz<\/a><\/p>\n<p><strong>Sylaby zo slovensk\u00e9ho jazyka<\/strong>\u00a0| (heslo)\u00a0|\u00a0<a title=\"sylaby zo slovensk\u00e9ho jazyka\" href=\"https:\/\/jurajsabol.sk\/maturita\/sylaby\/sylaby_ms_jazyk_2012_vfinal.zip\" target=\"_blank\" rel=\"noopener\">download<\/a><\/p>\n<p><strong>\u00dalohy zo slovensk\u00e9ho jazyka pre maturantov<\/strong>\u00a0| \u00a0verzia 05 (2015-09-06) | \u00a0<a title=\"\u00dalohy zo SJ pre maturantov\" href=\"https:\/\/jurajsabol.sk\/maturita\/ulohy_zo_sj_pre_maturantov.zip\" target=\"_blank\" rel=\"noopener\">download<\/a><\/p>\n<p><strong>Z\u00e1kladn\u00e9 funkcie jazyka<\/strong> |\u00a0s Justinom Bieberom&#8230; |\u00a0<a title=\"Z\u00e1kladn\u00e9 funkcie jazyka\" href=\"https:\/\/jurajsabol.sk\/maturita\/sylaby\/funkcie_jazyka.zip\" target=\"_blank\" rel=\"noopener\">download<\/a><\/p>\n<h2><a href=\"https:\/\/jurajsabol.sk\/wp-content\/uploads\/nucem.jpg\"><img loading=\"lazy\" decoding=\"async\" class=\"wp-image-479 aligncenter\" src=\"https:\/\/jurajsabol.sk\/wp-content\/uploads\/nucem-150x150.jpg\" alt=\"nucem\" width=\"90\" height=\"90\" srcset=\"https:\/\/jurajsabol.sk\/wp-content\/uploads\/nucem-150x150.jpg 150w, https:\/\/jurajsabol.sk\/wp-content\/uploads\/nucem.jpg 260w\" sizes=\"auto, (max-width: 90px) 100vw, 90px\" \/><\/a><\/h2>\n<h2>EXTERN\u00dd TEST<\/h2>\n<p><strong>\u00dalohy pre maturantov<\/strong>\u00a0| r\u00f4zne typy testov\u00fdch \u00faloh, pr\u00edprava na extern\u00fd test\u00a0|\u00a0<a title=\"\u00falohy pre maturantov\" href=\"https:\/\/jurajsabol.sk\/maturita\/ulohy_pre_maturantov.zip\" target=\"_blank\" rel=\"noopener\">download<\/a><\/p>\n<p><strong>Maturitn\u00e9 testy s k\u013e\u00fa\u010dmi spr\u00e1vnych odpoved\u00ed<\/strong>\u00a0|\u00a0aktu\u00e1lne inform\u00e1cie o maturitnej sk\u00fa\u0161ke na str\u00e1nke N\u00daCEM-u\u00a0| <a title=\"maturitn\u00e9 testy N\u00daCEM\" href=\"http:\/\/www.nucem.sk\/sk\/maturita#715\" target=\"_blank\" rel=\"noopener\">odkaz<\/a><\/p>\n<h2><a href=\"https:\/\/jurajsabol.sk\/wp-content\/uploads\/20130811_152405_20130811152600734.jpg\"><img loading=\"lazy\" decoding=\"async\" class=\"wp-image-373 aligncenter\" src=\"https:\/\/jurajsabol.sk\/wp-content\/uploads\/20130811_152405_20130811152600734-150x150.jpg\" alt=\"20130811_152405_20130811152600734\" width=\"90\" height=\"90\" srcset=\"https:\/\/jurajsabol.sk\/wp-content\/uploads\/20130811_152405_20130811152600734-150x150.jpg 150w, https:\/\/jurajsabol.sk\/wp-content\/uploads\/20130811_152405_20130811152600734-300x300.jpg 300w, https:\/\/jurajsabol.sk\/wp-content\/uploads\/20130811_152405_20130811152600734.jpg 309w\" sizes=\"auto, (max-width: 90px) 100vw, 90px\" \/><\/a><\/h2>\n<h2>P\u00cdSOMN\u00c1 FORMA INTERNEJ \u010cASTI MATURITNEJ SK\u00da\u0160KY<\/h2>\n<h3>Nieko\u013eko d\u00f4le\u017eit\u00fdch z\u00e1sad<\/h3>\n<p>Zopakujte si u\u010divo o vybran\u00fdch slohov\u00fdch \u00fatvaroch. | P\u00ed\u0161te v\u0161etci modr\u00fdm perom, in\u00e1 farba nebude&#8230; V\u017edy pou\u017e\u00edvajte pero. Nikdy nie ceruzku! | Nevyberajte si t\u00e9mu pod\u013ea jej modr\u00fdch o\u010d\u00ed. Vyberte si tak\u00fa t\u00e9mu, aby ste o nej vedeli p\u00edsa\u0165. | Rozsah 1,5 \u2013 3 strany znamen\u00e1, \u017ee va\u0161a pr\u00e1ca nem\u00e1 ma\u0165 menej ako jeden a pol, ale ani viac ako tri strany. | Dajte si z\u00e1le\u017ea\u0165 na prvej vete&#8230; | V konceptoch m\u00f4\u017eete \u0161krta\u0165, prepisova\u0165, kresli\u0165 pojmov\u00e9 mapy, tvori\u0165 osnovy&#8230; Vyu\u017eite ich na z\u00e1znam v\u0161etk\u00e9ho, \u010do v\u00e1m k t\u00e9me z\u00edde na um. | Nechajte si dostatok \u010dasu na prep\u00edsanie konceptu do \u010distopisu. | V \u010distopise pozor na odseky! | M\u00f4\u017eete p\u00edsa\u0165 aj tzv. tla\u010den\u00fdm p\u00edsmom, ale pozor! Ka\u017ed\u00fd pravopisn\u00fd jav mus\u00ed by\u0165 jednozna\u010dne identifikovate\u013en\u00fd, in\u00e1\u010d sa po\u010d\u00edta za chybu! (jasn\u00fd rozdiel medzi mal\u00fdmi a ve\u013ek\u00fdmi p\u00edsmenami, jasn\u00e9 tvrd\u00e9 alebo m\u00e4kk\u00e9 i\/y, jasn\u00fd rozdiel medzi u a v, v\u00fdrazn\u00e9 d\u013a\u017ene, interpunkcia \u2013 \u010diarky, bodky, \u00favodzovky at\u010f.) | Za maturitn\u00fa p\u00edsomku m\u00f4\u017eete dosta\u0165 0% tak, \u017ee \u00faplne odbo\u010d\u00edte od \u017e\u00e1nru a t\u00e9my. | Uvo\u013enite sa a prejavte to najlep\u0161ie, \u010do vo v\u00e1s je. | Rozm\u00fd\u0161\u013eajte. | Sna\u017ete sa vyhn\u00fa\u0165 pr\u00e1zdnym fr\u00e1zam a banalit\u00e1m, napr.: L\u00e1ska. A \u010do je to l\u00e1ska? alebo Jedn\u00e9ho kr\u00e1sneho d\u0148a v jednej pre\u0161ovskej nemocnici sa ozval pla\u010d mal\u00e9ho diev\u010datka&#8230; B\u0155\u0155\u0155! | V ka\u017edej triede bude zabezpe\u010den\u00fd pr\u00edstup ku Kr\u00e1tkemu slovn\u00edku slovensk\u00e9ho jazyka, Synonymick\u00e9mu slovn\u00edku sloven\u010diny, Pravidl\u00e1m slovensk\u00e9ho pravopisu.<\/p>\n<p><em>Pozn\u00e1mka: Zoznam slohov\u00fdch \u00fatvarov a podrobn\u00e9 krit\u00e9ri\u00e1 hodnotenia p\u00edsomnej formy internej \u010dasti maturitnej sk\u00fa\u0161ky n\u00e1jdete v u\u010debnici slovensk\u00e9ho jazyka (HINCOV\u00c1, K., H\u00daSKOV\u00c1, A.: Slovensk\u00fd jazyk pre 1. \u2013 4. ro\u010dn\u00edk stredn\u00fdch \u0161k\u00f4l. Bratislava: SPN, 2007.)<\/em><\/p>\n<h2 style=\"text-align: justify;\"><em><a href=\"https:\/\/jurajsabol.sk\/wp-content\/uploads\/20130811_152405_20130811152600734.jpg\"><img loading=\"lazy\" decoding=\"async\" class=\"wp-image-373 aligncenter\" src=\"https:\/\/jurajsabol.sk\/wp-content\/uploads\/20130811_152405_20130811152600734-150x150.jpg\" alt=\"20130811_152405_20130811152600734\" width=\"90\" height=\"90\" srcset=\"https:\/\/jurajsabol.sk\/wp-content\/uploads\/20130811_152405_20130811152600734-150x150.jpg 150w, https:\/\/jurajsabol.sk\/wp-content\/uploads\/20130811_152405_20130811152600734-300x300.jpg 300w, https:\/\/jurajsabol.sk\/wp-content\/uploads\/20130811_152405_20130811152600734.jpg 309w\" sizes=\"auto, (max-width: 90px) 100vw, 90px\" \/><\/a><\/em><\/h2>\n<h2>\u00daVAHA<\/h2>\n<p><strong>pr\u00edprava na \u0161kolsk\u00fa slohov\u00fa pr\u00e1cu<\/strong> v 1. ro\u010dn\u00edku (ver. 2022\/2023)| <a href=\"https:\/\/jurajsabol.sk\/studijny_material_reforma\/rocnik_01_jazyk\/uvaha_instruktaz_k_ssp_v01.zip\">download<\/a><\/p>\n<p><strong>materi\u00e1l na samo\u0161t\u00fadium<\/strong> (heslo) | <a title=\"\u00favaha - samo\u0161t\u00fadium\" href=\"https:\/\/jurajsabol.sk\/studijny_material_reforma\/rocnik_01_jazyk\/tri_uvahy_na_rozbor.zip\" target=\"_blank\" rel=\"noopener\">download<\/a><\/p>\n<h2><a href=\"https:\/\/jurajsabol.sk\/wp-content\/uploads\/20130811_152405_20130811152600734.jpg\"><img loading=\"lazy\" decoding=\"async\" class=\"wp-image-373 aligncenter\" src=\"https:\/\/jurajsabol.sk\/wp-content\/uploads\/20130811_152405_20130811152600734-150x150.jpg\" alt=\"20130811_152405_20130811152600734\" width=\"90\" height=\"90\" srcset=\"https:\/\/jurajsabol.sk\/wp-content\/uploads\/20130811_152405_20130811152600734-150x150.jpg 150w, https:\/\/jurajsabol.sk\/wp-content\/uploads\/20130811_152405_20130811152600734-300x300.jpg 300w, https:\/\/jurajsabol.sk\/wp-content\/uploads\/20130811_152405_20130811152600734.jpg 309w\" sizes=\"auto, (max-width: 90px) 100vw, 90px\" \/><\/a><\/h2>\n<h2>V\u00ddKLAD<\/h2>\n<p><strong>in\u0161trukt\u00e1\u017e k \u0161kolskej slohovej pr\u00e1ci<\/strong> (heslo) | <a title=\"v\u00fdklad - in\u0161trukt\u00e1\u017e k \u0161kolskej slohovej pr\u00e1ci\" href=\"https:\/\/jurajsabol.sk\/studijny_material_reforma\/rocnik_03_jazyk\/vyklad_instruktaz_verzia_2010_11_17.zip\" target=\"_blank\" rel=\"noopener\">download<\/a><\/p>\n<p><strong>normostrana<\/strong> | je strana, na ktor\u00fa sa vojde 30 riadkov textu, pri\u010dom v ka\u017edom riadku je maxim\u00e1lne 60 znakov vr\u00e1tane medzier&#8230; | <a title=\"normostrana\" href=\"http:\/\/www.fandom.sk\/clanok\/co-je-normostrana\" target=\"_blank\" rel=\"noopener\">odkaz<\/a><\/p>\n<h3>\u017diacke pr\u00e1ce<\/h3>\n<p><strong>Jozef C\u00edger Hronsk\u00fd a \u010dlovek-mili\u00f3n<\/strong> | \u013d. Kosceln\u00edkov\u00e1 (3. C, \u0161kol. rok 2005\/2006) | <a href=\"https:\/\/jurajsabol.sk\/studijny_material\/3_rocnik\/hronsky\/hronsky_mak_ludka_koscelnikova_3c_2005-2006.doc\" target=\"_blank\" rel=\"noopener\">download<\/a><\/p>\n<p><strong>Dobroslav Chrob\u00e1k: Drak sa vracia<\/strong> | K. Ru\u0161inov\u00e1 (3. A, \u0161kol. rok 2005\/2006) | <a href=\"https:\/\/jurajsabol.sk\/studijny_material\/3_rocnik\/chrobak\/chrobak_drak_katka_rusinova_3a_2005-2006.doc\" target=\"_blank\" rel=\"noopener\">download<\/a><\/p>\n<p><strong>Franz Kafka<\/strong> | N. Gre\u0161l\u00edkov\u00e1 (3. C, \u0161kol. rok 2005\/2006) |<a href=\"https:\/\/jurajsabol.sk\/studijny_material\/3_rocnik\/kafka\/kafka_ortiel_natalia_greslikova_3c_2005-2006.doc\" target=\"_blank\" rel=\"noopener\">download<\/a><\/p>\n<p><strong>Mot\u00edv zla v tvorbe Stephena Kinga <\/strong>| I. Greif (3. C, v \u0161kol. roku 2005\/2006) |<a href=\"https:\/\/jurajsabol.sk\/studijny_material\/4_rocnik\/king\/king_motiv_zla_igor_greif_3c_2005-2006.doc\" target=\"_blank\" rel=\"noopener\">download<\/a><\/p>\n<p><strong>Bo\u017eena Slan\u010d\u00edkov\u00e1 Timrava <\/strong>| M. Fr\u00f6hlichov\u00e1 (3. A, \u0161kol. rok 2005\/2006) |<a href=\"https:\/\/jurajsabol.sk\/studijny_material\/2_rocnik\/timrava\/timrava_martina_frohlichova_3a_2005-2006.doc\" target=\"_blank\" rel=\"noopener\">download<\/a><\/p>\n<p><strong>Premeny psychiky&#8230; v diele M. Urbana Za vy\u0161n\u00fdm mlynom<\/strong> | Z. Tomkov\u00e1 (3. A, \u0161kol. rok 2005\/2006) |<a href=\"https:\/\/jurajsabol.sk\/studijny_material\/3_rocnik\/urban\/urban_milo_za_vysnym_mlynom_zuzka_tomkova_3a_2005-2006.doc\" target=\"_blank\" rel=\"noopener\">download<\/a><\/p>\n<p><strong>Charles Bukowski \u2013\u00a0Pane, p\u0159esta\u0148te mi \u010dum\u011bt na kozy <\/strong>| V. Ganaj (3. C, \u0161kol. rok 2008\/2009) | <a href=\"https:\/\/jurajsabol.sk\/studijny_material\/4_rocnik\/bukowski\/ganaj_3c_2008-09_bukowski.doc\" target=\"_blank\" rel=\"noopener\">download<\/a><\/p>\n<h2><a href=\"https:\/\/jurajsabol.sk\/wp-content\/uploads\/20130811_152405_20130811152600734.jpg\"><img loading=\"lazy\" decoding=\"async\" class=\"wp-image-373 aligncenter\" src=\"https:\/\/jurajsabol.sk\/wp-content\/uploads\/20130811_152405_20130811152600734-150x150.jpg\" alt=\"20130811_152405_20130811152600734\" width=\"90\" height=\"90\" srcset=\"https:\/\/jurajsabol.sk\/wp-content\/uploads\/20130811_152405_20130811152600734-150x150.jpg 150w, https:\/\/jurajsabol.sk\/wp-content\/uploads\/20130811_152405_20130811152600734-300x300.jpg 300w, https:\/\/jurajsabol.sk\/wp-content\/uploads\/20130811_152405_20130811152600734.jpg 309w\" sizes=\"auto, (max-width: 90px) 100vw, 90px\" \/><\/a><\/h2>\n<h2>DISKUSN\u00dd PR\u00cdSPEVOK<\/h2>\n<p>&#8230;<\/p>\n<h2>\u00a0<a href=\"https:\/\/jurajsabol.sk\/wp-content\/uploads\/20130811_152405_20130811152600734.jpg\"><img loading=\"lazy\" decoding=\"async\" class=\"wp-image-373 aligncenter\" src=\"https:\/\/jurajsabol.sk\/wp-content\/uploads\/20130811_152405_20130811152600734-150x150.jpg\" alt=\"20130811_152405_20130811152600734\" width=\"90\" height=\"90\" srcset=\"https:\/\/jurajsabol.sk\/wp-content\/uploads\/20130811_152405_20130811152600734-150x150.jpg 150w, https:\/\/jurajsabol.sk\/wp-content\/uploads\/20130811_152405_20130811152600734-300x300.jpg 300w, https:\/\/jurajsabol.sk\/wp-content\/uploads\/20130811_152405_20130811152600734.jpg 309w\" sizes=\"auto, (max-width: 90px) 100vw, 90px\" \/><\/a><\/h2>\n<h2>CHARAKTERISTIKA OSOBY<\/h2>\n<p><strong>\u017eiacka pr\u00e1ca <\/strong>| <a href=\"https:\/\/jurajsabol.sk\/maturita\/slohove_utvary_na_mat_skusku\/2011-2012_charakterist.%20osoby%20mama%20(ver.%20pre%20ziakov).doc\" target=\"_blank\" rel=\"noopener\">download<\/a><\/p>\n<h2><a href=\"https:\/\/jurajsabol.sk\/wp-content\/uploads\/20130811_152405_20130811152600734.jpg\"><img loading=\"lazy\" decoding=\"async\" class=\"wp-image-373 aligncenter\" src=\"https:\/\/jurajsabol.sk\/wp-content\/uploads\/20130811_152405_20130811152600734-150x150.jpg\" alt=\"20130811_152405_20130811152600734\" width=\"90\" height=\"90\" srcset=\"https:\/\/jurajsabol.sk\/wp-content\/uploads\/20130811_152405_20130811152600734-150x150.jpg 150w, https:\/\/jurajsabol.sk\/wp-content\/uploads\/20130811_152405_20130811152600734-300x300.jpg 300w, https:\/\/jurajsabol.sk\/wp-content\/uploads\/20130811_152405_20130811152600734.jpg 309w\" sizes=\"auto, (max-width: 90px) 100vw, 90px\" \/><\/a><\/h2>\n<h2>ROZPR\u00c1VANIE<\/h2>\n<p><strong>Stiahnite si prezent\u00e1ciu<\/strong> |\u00a0na t\u00e9mu Rozpr\u00e1vanie v umeleckej literat\u00fare a in\u0161pirujte sa pri p\u00edsan\u00ed vlastnej poviedky (heslo, 123 MB) | <a href=\"http:\/\/www.gjar-po.sk\/~slovencina\/rozpravanie_ziak.zip\" target=\"_blank\" rel=\"noopener\">download<\/a><\/p>\n<h2><a href=\"https:\/\/jurajsabol.sk\/wp-content\/uploads\/20130811_152405_20130811152600734.jpg\"><img loading=\"lazy\" decoding=\"async\" class=\"wp-image-373 aligncenter\" src=\"https:\/\/jurajsabol.sk\/wp-content\/uploads\/20130811_152405_20130811152600734-150x150.jpg\" alt=\"20130811_152405_20130811152600734\" width=\"90\" height=\"90\" srcset=\"https:\/\/jurajsabol.sk\/wp-content\/uploads\/20130811_152405_20130811152600734-150x150.jpg 150w, https:\/\/jurajsabol.sk\/wp-content\/uploads\/20130811_152405_20130811152600734-300x300.jpg 300w, https:\/\/jurajsabol.sk\/wp-content\/uploads\/20130811_152405_20130811152600734.jpg 309w\" sizes=\"auto, (max-width: 90px) 100vw, 90px\" \/><\/a><\/h2>\n<h2>BELETRIZOVAN\u00dd \u017dIVOTOPIS<\/h2>\n<p><strong>pracovn\u00fd list<\/strong> |\u00a0s uk\u00e1\u017ekami a \u00falohami | <a href=\"https:\/\/jurajsabol.sk\/studijny_material\/jazyk\/beletrizovany_zivotopis\/beletriz._zivotopis_pracovny_list.pdf\" target=\"_blank\" rel=\"noopener\">download<\/a><\/p>\n<p><strong>Porovnajte\u00a0beletrizovan\u00fd \u017eivotopis so \u0161trukt\u00farovan\u00fdm \u017eivotopisom<\/strong> (\u00fatvarom administrat\u00edvneho \u0161t\u00fdlu). | <a href=\"https:\/\/jurajsabol.sk\/studijny_material\/jazyk\/zivotopis\/zivotopis_struktur.doc\" target=\"_blank\" rel=\"noopener\">download<\/a><\/p>\n<h2><a href=\"https:\/\/jurajsabol.sk\/wp-content\/uploads\/20130811_152405_20130811152600734.jpg\"><img loading=\"lazy\" decoding=\"async\" class=\"wp-image-373 aligncenter\" src=\"https:\/\/jurajsabol.sk\/wp-content\/uploads\/20130811_152405_20130811152600734-150x150.jpg\" alt=\"20130811_152405_20130811152600734\" width=\"90\" height=\"90\" srcset=\"https:\/\/jurajsabol.sk\/wp-content\/uploads\/20130811_152405_20130811152600734-150x150.jpg 150w, https:\/\/jurajsabol.sk\/wp-content\/uploads\/20130811_152405_20130811152600734-300x300.jpg 300w, https:\/\/jurajsabol.sk\/wp-content\/uploads\/20130811_152405_20130811152600734.jpg 309w\" sizes=\"auto, (max-width: 90px) 100vw, 90px\" \/><\/a><\/h2>\n<h2>UMELECK\u00dd OPIS<\/h2>\n<p><strong>mo\u017en\u00fd postup pri tvorbe umeleck\u00e9ho opisu<\/strong> pod\u013ea obr\u00e1zka | <a href=\"https:\/\/jurajsabol.sk\/studijny_material\/jazyk\/umelecky_opis\/umelecky_opis_postup_priklady.htm\" target=\"_blank\" rel=\"noopener\">odkaz<\/a><\/p>\n<p><strong>hodnotenie umeleck\u00e9ho opisu<\/strong> a oprava ch\u00fdb | <a href=\"https:\/\/jurajsabol.sk\/studijny_material\/jazyk\/umelecky_opis\/umelec._opis_opravte_navrhnite_riesenia.doc\" target=\"_blank\" rel=\"noopener\">download<\/a><\/p>\n<h2><a href=\"https:\/\/jurajsabol.sk\/wp-content\/uploads\/20130811_152405_20130811152600734.jpg\"><img loading=\"lazy\" decoding=\"async\" class=\"wp-image-373 aligncenter\" src=\"https:\/\/jurajsabol.sk\/wp-content\/uploads\/20130811_152405_20130811152600734-150x150.jpg\" alt=\"20130811_152405_20130811152600734\" width=\"90\" height=\"90\" srcset=\"https:\/\/jurajsabol.sk\/wp-content\/uploads\/20130811_152405_20130811152600734-150x150.jpg 150w, https:\/\/jurajsabol.sk\/wp-content\/uploads\/20130811_152405_20130811152600734-300x300.jpg 300w, https:\/\/jurajsabol.sk\/wp-content\/uploads\/20130811_152405_20130811152600734.jpg 309w\" sizes=\"auto, (max-width: 90px) 100vw, 90px\" \/><\/a><\/h2>\n<h2>SL\u00c1VNOSTN\u00dd PREJAV<\/h2>\n<p><strong>Rozpr\u00e1vame a vystupujeme spr\u00e1vne?<\/strong> To bude t\u00e9ma na\u0161ej diskusie na \u00favodnej hodine r\u00e9toriky vo 4. ro\u010dn\u00edku. Pre\u010d\u00edtajte si \u010dl\u00e1nok z U\u010dite\u013esk\u00fdch nov\u00edn s rovnomenn\u00fdm n\u00e1zvom | <a href=\"https:\/\/jurajsabol.sk\/studijny_material\/jazyk\/retorika\/retorika_uvod_UN_Rozpravame_a_vystupujeme_spravne_c._1_2007_09_04.pdf\" target=\"_blank\" rel=\"noopener\">download<\/a><\/p>\n<h2><a href=\"https:\/\/jurajsabol.sk\/wp-content\/uploads\/percenta.jpg\"><img loading=\"lazy\" decoding=\"async\" class=\"wp-image-492 aligncenter\" src=\"https:\/\/jurajsabol.sk\/wp-content\/uploads\/percenta-150x150.jpg\" alt=\"percenta\" width=\"90\" height=\"90\" srcset=\"https:\/\/jurajsabol.sk\/wp-content\/uploads\/percenta-150x150.jpg 150w, https:\/\/jurajsabol.sk\/wp-content\/uploads\/percenta-300x300.jpg 300w, https:\/\/jurajsabol.sk\/wp-content\/uploads\/percenta-624x624.jpg 624w, https:\/\/jurajsabol.sk\/wp-content\/uploads\/percenta.jpg 725w\" sizes=\"auto, (max-width: 90px) 100vw, 90px\" \/><\/a><\/h2>\n<h2>PODROBNOSTI HODNOTENIA A KLASIFIK\u00c1CIE MATURITNEJ SK\u00da\u0160KY (pod\u013ea <a title=\"Ministerstvo \u0161kolstva Slovenskej republiky\" href=\"http:\/\/www.minedu.sk\/863-sk\/vyhlasky\/\" target=\"_blank\" rel=\"noopener\">Vyhl\u00e1\u0161ky M\u0160 SR \u010d. 318\/2008 Z. z.<\/a> o ukon\u010dovan\u00ed \u0161t\u00fadia na stredn\u00fdch \u0161kol\u00e1ch v znen\u00ed neskor\u0161\u00edch predpisov)<\/h2>\n<h3>\u00a7 15 (po 1. 9. 2012)<\/h3>\n<p>(4) \u017diak m\u00f4\u017ee vykona\u0165 \u00fastnu formu internej \u010dasti maturitnej sk\u00fa\u0161ky bez oh\u013eadu na v\u00fdsledok externej \u010dasti a p\u00edsomnej formy internej \u010dasti maturitnej sk\u00fa\u0161ky.<\/p>\n<p>(5) Ka\u017ed\u00fa \u00falohu v maturitnom zadan\u00ed \u00fastnej formy internej \u010dasti maturitnej sk\u00fa\u0161ky hodnot\u00ed predmetov\u00e1 maturitn\u00e1 komisia samostatne.<\/p>\n<p>(7) \u017diak \u00faspe\u0161ne vykon\u00e1 maturitn\u00fa sk\u00fa\u0161ku z predmetu, ktor\u00fd m\u00e1 extern\u00fa \u010das\u0165 maturitnej sk\u00fa\u0161ky a p\u00edsomn\u00fa formu internej \u010dasti maturitnej sk\u00fa\u0161ky, ak jeho hodnotenie z \u00fastnej formy internej \u010dasti maturitnej sk\u00fa\u0161ky<\/p>\n<p>a) nie je hor\u0161ie ako stupe\u0148 prospechu 3 \u2013\u00a0dobr\u00fd a v p\u00edsomnej forme internej \u010dasti maturitnej sk\u00fa\u0161ky z\u00edska viac ako 25 % z celkov\u00e9ho po\u010dtu bodov alebo v externej \u010dasti z\u00edska viac ako 33 % z celkov\u00e9ho po\u010dtu bodov, alebo<\/p>\n<p>b) je stupe\u0148 prospechu 4 \u2013\u00a0dostato\u010dn\u00fd a v p\u00edsomnej forme internej \u010dasti maturitnej sk\u00fa\u0161ky z\u00edska viac ako 25 % z celkov\u00e9ho po\u010dtu bodov a s\u00fa\u010dasne v externej \u010dasti z\u00edska viac ako 33 % z celkov\u00e9ho po\u010dtu bodov.<\/p>\n","protected":false},"excerpt":{"rendered":"<p>\u00daSTNA \u010cAS\u0164 MATURITNEJ SK\u00da\u0160KY Sylaby z literat\u00fary | Aktualizovan\u00e9 18. 2. 2023. (heslo) |\u00a0odkaz Sylaby zo slovensk\u00e9ho jazyka\u00a0| (heslo)\u00a0|\u00a0download \u00dalohy zo slovensk\u00e9ho jazyka pre maturantov\u00a0| \u00a0verzia 05 (2015-09-06) | \u00a0download Z\u00e1kladn\u00e9 funkcie jazyka |\u00a0s Justinom Bieberom&#8230; |\u00a0download EXTERN\u00dd TEST \u00dalohy pre maturantov\u00a0| r\u00f4zne typy testov\u00fdch \u00faloh, pr\u00edprava na extern\u00fd test\u00a0|\u00a0download Maturitn\u00e9 testy s k\u013e\u00fa\u010dmi spr\u00e1vnych &hellip; <a href=\"https:\/\/jurajsabol.sk\/?page_id=176\" class=\"more-link\">Pokra\u010dova\u0165 v \u010d\u00edtan\u00ed: <span class=\"screen-reader-text\">maturita<\/span><\/a><\/p>\n","protected":false},"author":1,"featured_media":0,"parent":90,"menu_order":0,"comment_status":"open","ping_status":"open","template":"","meta":{"footnotes":""},"class_list":["post-176","page","type-page","status-publish","hentry"],"_links":{"self":[{"href":"https:\/\/jurajsabol.sk\/index.php?rest_route=\/wp\/v2\/pages\/176","targetHints":{"allow":["GET"]}}],"collection":[{"href":"https:\/\/jurajsabol.sk\/index.php?rest_route=\/wp\/v2\/pages"}],"about":[{"href":"https:\/\/jurajsabol.sk\/index.php?rest_route=\/wp\/v2\/types\/page"}],"author":[{"embeddable":true,"href":"https:\/\/jurajsabol.sk\/index.php?rest_route=\/wp\/v2\/users\/1"}],"replies":[{"embeddable":true,"href":"https:\/\/jurajsabol.sk\/index.php?rest_route=%2Fwp%2Fv2%2Fcomments&post=176"}],"version-history":[{"count":58,"href":"https:\/\/jurajsabol.sk\/index.php?rest_route=\/wp\/v2\/pages\/176\/revisions"}],"predecessor-version":[{"id":7657,"href":"https:\/\/jurajsabol.sk\/index.php?rest_route=\/wp\/v2\/pages\/176\/revisions\/7657"}],"up":[{"embeddable":true,"href":"https:\/\/jurajsabol.sk\/index.php?rest_route=\/wp\/v2\/pages\/90"}],"wp:attachment":[{"href":"https:\/\/jurajsabol.sk\/index.php?rest_route=%2Fwp%2Fv2%2Fmedia&parent=176"}],"curies":[{"name":"wp","href":"https:\/\/api.w.org\/{rel}","templated":true}]}}