{"id":13,"date":"2013-08-08T19:08:42","date_gmt":"2013-08-08T19:08:42","guid":{"rendered":"http:\/\/jurajsabol.sk\/?page_id=13"},"modified":"2021-12-04T18:37:22","modified_gmt":"2021-12-04T16:37:22","slug":"3-rocnik","status":"publish","type":"page","link":"https:\/\/jurajsabol.sk\/?page_id=13","title":{"rendered":"slovensk\u00fd jazyk pre 3. ro\u010dn\u00edk"},"content":{"rendered":"<h2><a href=\"https:\/\/jurajsabol.sk\/studijny_material_reforma\/rocnik_03_jazyk\/05_slohove_postupy_v_nauc\/pani_uvaha_pan_vyklad\/index.htm\" target=\"_blank\" rel=\"noopener\"><img loading=\"lazy\" decoding=\"async\" class=\"wp-image-311 aligncenter\" src=\"https:\/\/jurajsabol.sk\/wp-content\/uploads\/img00002-150x150.jpg\" alt=\"img00002\" width=\"90\" height=\"90\" srcset=\"https:\/\/jurajsabol.sk\/wp-content\/uploads\/img00002-150x150.jpg 150w, https:\/\/jurajsabol.sk\/wp-content\/uploads\/img00002-300x300.jpg 300w, https:\/\/jurajsabol.sk\/wp-content\/uploads\/img00002.jpg 360w\" sizes=\"auto, (max-width: 90px) 100vw, 90px\" \/><\/a><\/h2>\n<h2>N\u00c1U\u010cN\u00dd \u0160T\u00ddL, V\u00ddKLADOV\u00dd SLOHOV\u00dd POSTUP<\/h2>\n<p><strong>Citovanie a zoznam bibliografick\u00fdch odkazov<\/strong> vo vedeck\u00fdch a odborn\u00fdch pr\u00e1cach\u00a0| pripravila Mgr. Marta Bystrianska (heslo)\u00a0| <a href=\"https:\/\/jurajsabol.sk\/studijny_material_reforma\/rocnik_03_jazyk\/citovanie.zip\" target=\"_blank\" rel=\"noopener\">download<\/a><\/p>\n<p><strong>In\u0161pir\u00e1cie <\/strong>|\u00a0N\u00e1u\u010dn\u00fd \u0161t\u00fdl na spolo\u010dnom blogu |\u00a0<a title=\"N\u00e1u\u010dn\u00fd \u0161t\u00fdl na spolo\u010dnom blogu\" href=\"http:\/\/naucnystyl.blogspot.com\/\" target=\"_blank\" rel=\"noopener\">odkaz<\/a> |\u00a0N\u00e1u\u010dn\u00fd \u0161t\u00fdl na spolo\u010dnom blogu 2 |\u00a0<a title=\"N\u00e1u\u010dn\u00fd \u0161t\u00fdl na spolo\u010dnom blogu 2\" href=\"http:\/\/naucnystyl2.blogspot.com\/\" target=\"_blank\" rel=\"noopener\">odkaz<\/a>\u00a0| P\u00e1n V\u00fdklad a pani \u00davahov\u00e1\u00a0| <a title=\"P\u00e1n V\u00fdklad a pani \u00davahov\u00e1\" href=\"https:\/\/jurajsabol.sk\/studijny_material_reforma\/rocnik_03_jazyk\/05_slohove_postupy_v_nauc\/pani_uvaha_pan_vyklad\/index.htm\" target=\"_blank\" rel=\"noopener\">odkaz<\/a>\u00a0| Ako nem\u00e1 vyzera\u0165 prezent\u00e1cia\u00a0| <a title=\"Ako nem\u00e1 vyzera\u0165 predn\u00e1\u0161ka\" href=\"http:\/\/www.youtube.com\/watch?v=EzfZuVsIQMk\" target=\"_blank\" rel=\"noopener\">odkaz<\/a>\u00a0at\u010f.<\/p>\n<p><strong>V\u00fdklad <\/strong>| in\u0161trukt\u00e1\u017e k \u0161kolskej slohovej pr\u00e1ci (heslo) | download Materi\u00e1l bude doplnen\u00fd.<\/p>\n<p><strong>\u00davaha<\/strong> | pracovn\u00e9 listy pre \u017eiakov 3. ro\u010dn\u00edka; budeme pou\u017e\u00edva\u0165 spolu s u\u010debnicou | <a href=\"https:\/\/jurajsabol.sk\/studijny_material_reforma\/rocnik_03_jazyk\/uvaha_otazky_citanie_s_porozumenim_ziak.doc\" target=\"_blank\" rel=\"noopener\">download<\/a><\/p>\n<p><strong>\u00davaha<\/strong> | pracovn\u00e9 listy pre \u017eiakov 3. ro\u010dn\u00edka; budeme pou\u017e\u00edva\u0165 spolu s u\u010debnicou | <a href=\"https:\/\/jurajsabol.sk\/studijny_material_reforma\/rocnik_03_jazyk\/uvaha_otazky_citanie_s_porozumenim_ziak.doc\" target=\"_blank\" rel=\"noopener\">download<\/a><\/p>\n<p><strong>Esej<\/strong> | \u00falohy k eseji D. Heviera Extravagancia a \u010dud\u00e1ctvo ako v\u00fdraz autentickosti | <a href=\"https:\/\/jurajsabol.sk\/studijny_material_reforma\/rocnik_03_jazyk\/esej_ulohy.zip\" target=\"_blank\" rel=\"noopener\">download<\/a><\/p>\n<p><span style=\"line-height: 1.714285714; font-size: 1rem;\">\u00a0<\/span><a href=\"https:\/\/jurajsabol.sk\/wp-content\/uploads\/holden.jpg\"><img loading=\"lazy\" decoding=\"async\" class=\"aligncenter\" src=\"https:\/\/jurajsabol.sk\/wp-content\/uploads\/holden-150x150.jpg\" alt=\"holden\" width=\"90\" height=\"90\" \/><\/a><\/p>\n<h2>UMELECK\u00dd \u0160T\u00ddL, ROZPR\u00c1VAC\u00cd SLOHOV\u00dd POSTUP<\/h2>\n<p><strong>Zopakujte si<\/strong>, \u010do ste sa o umeleckej pr\u00f3ze u\u010dili od 1. ro\u010dn\u00edka. Napr. s popul\u00e1rno-n\u00e1u\u010dn\u00fdm textom Jozefa Mistr\u00edka Umeleck\u00e1 pr\u00f3za (heslo) | <a href=\"https:\/\/jurajsabol.sk\/studijny_material_reforma\/rocnik_01\/02_kratka_epicka_proza_poviedka\/jozef_mistrik_umelecka_proza.exe\" target=\"_blank\" rel=\"noopener\">download<\/a> | jazykoveda a liter\u00e1rna te\u00f3ria<\/p>\n<p><strong>Rozpr\u00e1vanie v umeleckej literat\u00fare<\/strong> |\u00a0Stiahnite si prezent\u00e1ciu a in\u0161pirujte sa pri p\u00edsan\u00ed vlastnej poviedky (heslo, 123 MB) | <a href=\"http:\/\/www.gjar-po.sk\/~slovencina\/rozpravanie_ziak.zip\" target=\"_blank\" rel=\"noopener\">download<\/a><\/p>\n<h3><strong>Doplnkov\u00fd \u0161tudijn\u00fd materi\u00e1l<\/strong><\/h3>\n<p>Mary Jaksch\u00a0\u2013\u00a0<strong>73 Ways to Become a Better Writer<\/strong>\u00a0| blogersk\u00fd pr\u00edspevok (anglick\u00fd jazyk)\u00a0| <a title=\"Mary Jaksch\" href=\"http:\/\/www.copyblogger.com\/better-writer\/\" target=\"_blank\" rel=\"noopener\">pre\u010d\u00edta\u0165 si<\/a><\/p>\n","protected":false},"excerpt":{"rendered":"<p>N\u00c1U\u010cN\u00dd \u0160T\u00ddL, V\u00ddKLADOV\u00dd SLOHOV\u00dd POSTUP Citovanie a zoznam bibliografick\u00fdch odkazov vo vedeck\u00fdch a odborn\u00fdch pr\u00e1cach\u00a0| pripravila Mgr. Marta Bystrianska (heslo)\u00a0| download In\u0161pir\u00e1cie |\u00a0N\u00e1u\u010dn\u00fd \u0161t\u00fdl na spolo\u010dnom blogu |\u00a0odkaz |\u00a0N\u00e1u\u010dn\u00fd \u0161t\u00fdl na spolo\u010dnom blogu 2 |\u00a0odkaz\u00a0| P\u00e1n V\u00fdklad a pani \u00davahov\u00e1\u00a0| odkaz\u00a0| Ako nem\u00e1 vyzera\u0165 prezent\u00e1cia\u00a0| odkaz\u00a0at\u010f. V\u00fdklad | in\u0161trukt\u00e1\u017e k \u0161kolskej slohovej pr\u00e1ci (heslo) | &hellip; <a href=\"https:\/\/jurajsabol.sk\/?page_id=13\" class=\"more-link\">Pokra\u010dova\u0165 v \u010d\u00edtan\u00ed: <span class=\"screen-reader-text\">slovensk\u00fd jazyk pre 3. ro\u010dn\u00edk<\/span><\/a><\/p>\n","protected":false},"author":1,"featured_media":0,"parent":2,"menu_order":0,"comment_status":"open","ping_status":"closed","template":"","meta":{"footnotes":""},"class_list":["post-13","page","type-page","status-publish","hentry"],"_links":{"self":[{"href":"https:\/\/jurajsabol.sk\/index.php?rest_route=\/wp\/v2\/pages\/13","targetHints":{"allow":["GET"]}}],"collection":[{"href":"https:\/\/jurajsabol.sk\/index.php?rest_route=\/wp\/v2\/pages"}],"about":[{"href":"https:\/\/jurajsabol.sk\/index.php?rest_route=\/wp\/v2\/types\/page"}],"author":[{"embeddable":true,"href":"https:\/\/jurajsabol.sk\/index.php?rest_route=\/wp\/v2\/users\/1"}],"replies":[{"embeddable":true,"href":"https:\/\/jurajsabol.sk\/index.php?rest_route=%2Fwp%2Fv2%2Fcomments&post=13"}],"version-history":[{"count":21,"href":"https:\/\/jurajsabol.sk\/index.php?rest_route=\/wp\/v2\/pages\/13\/revisions"}],"predecessor-version":[{"id":7308,"href":"https:\/\/jurajsabol.sk\/index.php?rest_route=\/wp\/v2\/pages\/13\/revisions\/7308"}],"up":[{"embeddable":true,"href":"https:\/\/jurajsabol.sk\/index.php?rest_route=\/wp\/v2\/pages\/2"}],"wp:attachment":[{"href":"https:\/\/jurajsabol.sk\/index.php?rest_route=%2Fwp%2Fv2%2Fmedia&parent=13"}],"curies":[{"name":"wp","href":"https:\/\/api.w.org\/{rel}","templated":true}]}}