{"id":11,"date":"2013-08-08T19:05:23","date_gmt":"2013-08-08T19:05:23","guid":{"rendered":"http:\/\/jurajsabol.sk\/?page_id=11"},"modified":"2021-12-04T23:28:03","modified_gmt":"2021-12-04T21:28:03","slug":"2-rocnik","status":"publish","type":"page","link":"https:\/\/jurajsabol.sk\/?page_id=11","title":{"rendered":"slovensk\u00fd jazyk pre 2. ro\u010dn\u00edk"},"content":{"rendered":"<h2><a href=\"https:\/\/jurajsabol.sk\/wp-content\/uploads\/macka.jpg\"><img loading=\"lazy\" decoding=\"async\" class=\"wp-image-306 aligncenter\" src=\"https:\/\/jurajsabol.sk\/wp-content\/uploads\/macka-150x150.jpg\" alt=\"macka\" width=\"90\" height=\"90\" srcset=\"https:\/\/jurajsabol.sk\/wp-content\/uploads\/macka-150x150.jpg 150w, https:\/\/jurajsabol.sk\/wp-content\/uploads\/macka-300x300.jpg 300w, https:\/\/jurajsabol.sk\/wp-content\/uploads\/macka.jpg 307w\" sizes=\"auto, (max-width: 90px) 100vw, 90px\" \/><\/a><\/h2>\n<h2>OPIS A CHARAKTERISTIKA<\/h2>\n<p><strong>Umeleck\u00fd opis<\/strong> | n\u00e1vrh na postup pri tvorbe umeleck\u00e9ho opisu a pokyny na \u00fapravu slohovej pr\u00e1ce | <a href=\"https:\/\/jurajsabol.sk\/studijny_material_reforma\/rocnik_02_jazyk\/uprava_sloh._prace_umelec._opis.docx\" target=\"_blank\" rel=\"noopener noreferrer\">download<\/a>\u00a0| Zhodno\u0165te kvalitu slohovej pr\u00e1ce a navrhnite zmeny. | <a href=\"https:\/\/jurajsabol.sk\/studijny_material\/jazyk\/umelecky_opis\/umelec._opis_opravte_navrhnite_riesenia.doc\" target=\"_blank\" rel=\"noopener noreferrer\">download<\/a><\/p>\n<p><strong>Objekt\u00edvny verzus subjekt\u00edvny opis<\/strong> | pracovn\u00fd list (heslo) | <a href=\"https:\/\/jurajsabol.sk\/studijny_material_reforma\/rocnik_02_jazyk\/sloh_opis_charakteristika\/objektivny_vs_subjektivny_opis.zip\" target=\"_blank\" rel=\"noopener noreferrer\">download<\/a><\/p>\n<p><strong>Porovn\u00e1vacia charakteristika<\/strong> | Pretransformujte nes\u00favisl\u00fd text (tabu\u013eku) na s\u00favisl\u00fd (porovn\u00e1vaciu charakteristiku). H\u013eadajte zauj\u00edmav\u00e9 \u0161tylistick\u00e9 rie\u0161enia, napr. pou\u017e\u00edvajte spojky ale, av\u0161ak, naproti tomu, k\u00fdm, spojte nieko\u013eko inform\u00e1ci\u00ed z tabu\u013eky do jednej vety a pod. (heslo) | <a href=\"https:\/\/jurajsabol.sk\/studijny_material_reforma\/rocnik_02_jazyk\/sloh_opis_charakteristika\/porovnavacia_charakteristika_transformacia.zip\" target=\"_blank\" rel=\"noopener noreferrer\">download<\/a><\/p>\n<h2><a href=\"https:\/\/jurajsabol.sk\/wp-content\/uploads\/20130811_160859_20130811161103442.jpg\"><img loading=\"lazy\" decoding=\"async\" class=\"wp-image-388 aligncenter\" src=\"https:\/\/jurajsabol.sk\/wp-content\/uploads\/20130811_160859_20130811161103442-150x150.jpg\" alt=\"20130811_160859_20130811161103442\" width=\"90\" height=\"90\" srcset=\"https:\/\/jurajsabol.sk\/wp-content\/uploads\/20130811_160859_20130811161103442-150x150.jpg 150w, https:\/\/jurajsabol.sk\/wp-content\/uploads\/20130811_160859_20130811161103442-300x300.jpg 300w, https:\/\/jurajsabol.sk\/wp-content\/uploads\/20130811_160859_20130811161103442.jpg 425w\" sizes=\"auto, (max-width: 90px) 100vw, 90px\" \/><\/a><\/h2>\n<h2>MASMEDI\u00c1LNA KOMUNIK\u00c1CIA, PUBLICISTICK\u00dd \u0160T\u00ddL<\/h2>\n<p><strong>Masmedi\u00e1lna komunik\u00e1cia, publicistick\u00fd \u0161t\u00fdl<\/strong> | prezent\u00e1cia s pr\u00edkladmi (pracovn\u00e1 verzia 09 zo 16. 5. 2017, heslo) | <a href=\"https:\/\/jurajsabol.sk\/studijny_material_reforma\/rocnik_02_jazyk\/masmedialna_komunikacia.zip\">download<\/a><\/p>\n<p><strong>Redak\u010dn\u00e9 z\u00e1kulisie<\/strong>\u00a0|\u00a0prezent\u00e1cia Evy Cang\u00e1rovej (II. B, \u0161kol. rok 2011\/2012) o r\u00f4znych povolaniach, ktor\u00e9 s\u00favisia s tvorbou printov\u00fdch m\u00e9di\u00ed. Za pozornos\u0165 stoj\u00ed aj pou\u017eit\u00fd prezenta\u010dn\u00fd n\u00e1stroj. | <a title=\"Redak\u010dn\u00e9 z\u00e1kulisie\" href=\"http:\/\/prezi.com\/avbvizcdj5gb\/redakcne-zakulisie\/\" target=\"_blank\" rel=\"noopener noreferrer\">odkaz<\/a><\/p>\n<p><iframe loading=\"lazy\" src=\"http:\/\/prezi.com\/embed\/avbvizcdj5gb\/?bgcolor=ffffff&amp;lock_to_path=0&amp;autoplay=0&amp;autohide_ctrls=0&amp;features=undefined&amp;disabled_features=undefined\" width=\"550\" height=\"400\" frameborder=\"0\"><\/iframe><\/p>\n<p><strong>\u017d\u00e1nre publicistick\u00e9ho \u0161t\u00fdlu<\/strong>\u00a0| uk\u00e1\u017eky\u00a0| <a href=\"https:\/\/jurajsabol.sk\/studijny_material_reforma\/rocnik_02_jazyk\/publicist._styl_ukazky.zip\" target=\"_blank\" rel=\"noopener noreferrer\">download<\/a><\/p>\n<p><strong>Kon\u0161pir\u00e1tori.sk <\/strong>| verejn\u00e1 datab\u00e1za webov\u00fdch str\u00e1nok s neseri\u00f3znym, klamliv\u00fdm, podvodn\u00fdm, kon\u0161pira\u010dn\u00fdm alebo propagandistick\u00fdm obsahom | <a href=\"https:\/\/www.konspiratori.sk\/\" target=\"_blank\" rel=\"noopener noreferrer\">odkaz<\/a><\/p>\n<p><strong>Demagog.sk<\/strong> | kontrola tvrden\u00ed politikov a in\u00fdch verejne akt\u00edvnych os\u00f4b, ktor\u00e9 odznej\u00fa v politick\u00fdch diskusi\u00e1ch alebo vo verejnom priestore | <a href=\"http:\/\/www.demagog.sk\/\" target=\"_blank\" rel=\"noopener noreferrer\">odkaz<\/a><\/p>\n<h2><span style=\"line-height: 1.714285714; font-size: 1rem;\">\u00a0<\/span><a href=\"https:\/\/jurajsabol.sk\/wp-content\/uploads\/20130810_180704_20130810181633137.jpg\"><img loading=\"lazy\" decoding=\"async\" class=\"wp-image-308 aligncenter\" src=\"https:\/\/jurajsabol.sk\/wp-content\/uploads\/20130810_180704_20130810181633137-150x150.jpg\" alt=\"20130810_180704_20130810181633137\" width=\"90\" height=\"90\" srcset=\"https:\/\/jurajsabol.sk\/wp-content\/uploads\/20130810_180704_20130810181633137-150x150.jpg 150w, https:\/\/jurajsabol.sk\/wp-content\/uploads\/20130810_180704_20130810181633137-300x300.jpg 300w, https:\/\/jurajsabol.sk\/wp-content\/uploads\/20130810_180704_20130810181633137.jpg 461w\" sizes=\"auto, (max-width: 90px) 100vw, 90px\" \/><\/a><\/h2>\n<h2>MORFOL\u00d3GIA A SYNTAX<\/h2>\n<p><strong>Podstatn\u00e9 men\u00e1<\/strong>\u00a0| pracovn\u00fd list (heslo)\u00a0| <a title=\"Podstatn\u00e9 men\u00e1\" href=\"https:\/\/jurajsabol.sk\/studijny_material_reforma\/rocnik_02_jazyk\/01_morfologia_a_syntax\/podstatne_mena_ziak.zip\" target=\"_blank\" rel=\"noopener noreferrer\">download<\/a><\/p>\n<p><strong>Pr\u00eddavn\u00e9 men\u00e1<\/strong>\u00a0| pracovn\u00fd list (heslo)\u00a0| <a title=\"Pr\u00eddavn\u00e9 men\u00e1\" href=\"https:\/\/jurajsabol.sk\/studijny_material_reforma\/rocnik_02_jazyk\/01_morfologia_a_syntax\/pridavne_mena_ziak.zip\" target=\"_blank\" rel=\"noopener noreferrer\">download<\/a><\/p>\n<p><strong>Z\u00e1men\u00e1<\/strong> | pracovn\u00fd list (heslo) | <a title=\"Z\u00e1men\u00e1\" href=\"https:\/\/jurajsabol.sk\/studijny_material_reforma\/rocnik_02_jazyk\/01_morfologia_a_syntax\/zamena_ziak.zip\" target=\"_blank\" rel=\"noopener noreferrer\">download<\/a><\/p>\n<p><strong>\u010c\u00edslovky<\/strong>\u00a0| pracovn\u00fd list (heslo) | <a title=\"\u010c\u00edslovky\" href=\"https:\/\/jurajsabol.sk\/studijny_material_reforma\/rocnik_02_jazyk\/01_morfologia_a_syntax\/cislovky_ziak.zip\" target=\"_blank\" rel=\"noopener noreferrer\">download<\/a><\/p>\n<p><strong>Sloves\u00e1<\/strong> | pracovn\u00fd list (heslo) | <a title=\"Sloves\u00e1\" href=\"https:\/\/jurajsabol.sk\/studijny_material_reforma\/rocnik_02_jazyk\/01_morfologia_a_syntax\/slovesa_ziak.zip\" target=\"_blank\" rel=\"noopener noreferrer\">download<\/a><\/p>\n<p><strong>Pr\u00edslovky<\/strong>\u00a0| pracovn\u00fd list (heslo) | <a title=\"Pr\u00edslovky\" href=\"https:\/\/jurajsabol.sk\/studijny_material_reforma\/rocnik_02_jazyk\/01_morfologia_a_syntax\/prislovky_ziak.zip\" target=\"_blank\" rel=\"noopener noreferrer\">download<\/a><\/p>\n<p><strong>Predlo\u017eky<\/strong>\u00a0| pracovn\u00fd list (heslo) | <a title=\"Predlo\u017eky\" href=\"https:\/\/jurajsabol.sk\/studijny_material_reforma\/rocnik_02_jazyk\/01_morfologia_a_syntax\/predlozky_ziak.zip\" target=\"_blank\" rel=\"noopener noreferrer\">download<\/a><\/p>\n<p><strong>Spojky<\/strong>\u00a0| pracovn\u00fd list (heslo) |\u00a0<a title=\"Predlo\u017eky\" href=\"https:\/\/jurajsabol.sk\/studijny_material_reforma\/rocnik_02_jazyk\/01_morfologia_a_syntax\/spojky_ziak.zip\" target=\"_blank\" rel=\"noopener noreferrer\">download<\/a><\/p>\n<p><strong>\u010castice<\/strong>\u00a0| pracovn\u00fd list (heslo)\u00a0| <a title=\"\u010castice\" href=\"https:\/\/jurajsabol.sk\/studijny_material_reforma\/rocnik_02_jazyk\/01_morfologia_a_syntax\/castice_ziak.zip\" target=\"_blank\" rel=\"noopener noreferrer\">download<\/a><\/p>\n<p><strong>Citoslovcia<\/strong> | pracovn\u00fd list (heslo) | <a title=\"Citoslovcia\" href=\"https:\/\/jurajsabol.sk\/studijny_material_reforma\/rocnik_02_jazyk\/01_morfologia_a_syntax\/citoslovcia_ziak.zip\" target=\"_blank\" rel=\"noopener noreferrer\">download<\/a><\/p>\n<p><strong>Syntax<\/strong> | pracovn\u00fd list (heslo) | <a title=\"Syntax\" href=\"https:\/\/jurajsabol.sk\/studijny_material_reforma\/rocnik_02_jazyk\/01_morfologia_a_syntax\/syntax_ziak.zip\" target=\"_blank\" rel=\"noopener noreferrer\">download<\/a><\/p>\n<p><strong>Dobrovo\u013en\u00e1 dom\u00e1ca \u00faloha<\/strong> | Dominika \u0160alamonov\u00e1 (III. B, \u0161kol. rok 2012\/13) \u2013Ukryt\u00fd v gramatike | dobrovo\u013en\u00e1 dom\u00e1ca \u00faloha z morfol\u00f3gie na t\u00e9mu Ak\u00fdm slovn\u00fdm druhom je slovo Boh. | <a href=\"https:\/\/jurajsabol.sk\/studijny_material_reforma\/rocnik_02_jazyk\/salamonova_dominika_strateny_v_gramatike_(3b_2012-2013)_final.doc\" target=\"_blank\" rel=\"noopener noreferrer\">download<\/a><\/p>\n","protected":false},"excerpt":{"rendered":"<p>OPIS A CHARAKTERISTIKA Umeleck\u00fd opis | n\u00e1vrh na postup pri tvorbe umeleck\u00e9ho opisu a pokyny na \u00fapravu slohovej pr\u00e1ce | download\u00a0| Zhodno\u0165te kvalitu slohovej pr\u00e1ce a navrhnite zmeny. | download Objekt\u00edvny verzus subjekt\u00edvny opis | pracovn\u00fd list (heslo) | download Porovn\u00e1vacia charakteristika | Pretransformujte nes\u00favisl\u00fd text (tabu\u013eku) na s\u00favisl\u00fd (porovn\u00e1vaciu charakteristiku). H\u013eadajte zauj\u00edmav\u00e9 \u0161tylistick\u00e9 rie\u0161enia, &hellip; <a href=\"https:\/\/jurajsabol.sk\/?page_id=11\" class=\"more-link\">Pokra\u010dova\u0165 v \u010d\u00edtan\u00ed: <span class=\"screen-reader-text\">slovensk\u00fd jazyk pre 2. ro\u010dn\u00edk<\/span><\/a><\/p>\n","protected":false},"author":1,"featured_media":0,"parent":2,"menu_order":0,"comment_status":"open","ping_status":"closed","template":"","meta":{"footnotes":""},"class_list":["post-11","page","type-page","status-publish","hentry"],"_links":{"self":[{"href":"https:\/\/jurajsabol.sk\/index.php?rest_route=\/wp\/v2\/pages\/11","targetHints":{"allow":["GET"]}}],"collection":[{"href":"https:\/\/jurajsabol.sk\/index.php?rest_route=\/wp\/v2\/pages"}],"about":[{"href":"https:\/\/jurajsabol.sk\/index.php?rest_route=\/wp\/v2\/types\/page"}],"author":[{"embeddable":true,"href":"https:\/\/jurajsabol.sk\/index.php?rest_route=\/wp\/v2\/users\/1"}],"replies":[{"embeddable":true,"href":"https:\/\/jurajsabol.sk\/index.php?rest_route=%2Fwp%2Fv2%2Fcomments&post=11"}],"version-history":[{"count":46,"href":"https:\/\/jurajsabol.sk\/index.php?rest_route=\/wp\/v2\/pages\/11\/revisions"}],"predecessor-version":[{"id":7514,"href":"https:\/\/jurajsabol.sk\/index.php?rest_route=\/wp\/v2\/pages\/11\/revisions\/7514"}],"up":[{"embeddable":true,"href":"https:\/\/jurajsabol.sk\/index.php?rest_route=\/wp\/v2\/pages\/2"}],"wp:attachment":[{"href":"https:\/\/jurajsabol.sk\/index.php?rest_route=%2Fwp%2Fv2%2Fmedia&parent=11"}],"curies":[{"name":"wp","href":"https:\/\/api.w.org\/{rel}","templated":true}]}}